{"id":1657,"date":"2024-03-26T15:34:55","date_gmt":"2024-03-26T15:34:55","guid":{"rendered":"https:\/\/fv-feuerwehrbrinkum.de\/?page_id=1657"},"modified":"2024-03-26T15:40:34","modified_gmt":"2024-03-26T15:40:34","slug":"wechsel-im-vorstand-des-foerderve","status":"publish","type":"page","link":"https:\/\/fv-feuerwehrbrinkum.de\/?page_id=1657","title":{"rendered":"Wechsel im Vorstand des F\u00f6rdervereins der Ortsfeuerwehr Brinkum"},"content":{"rendered":"\n<div class=\"wp-block-columns is-layout-flex wp-container-core-columns-is-layout-9d6595d7 wp-block-columns-is-layout-flex\">\n<div class=\"wp-block-column is-layout-flow wp-block-column-is-layout-flow\">\n<div style=\"height:60px\" aria-hidden=\"true\" class=\"wp-block-spacer\"><\/div>\n<\/div>\n<\/div>\n\n\n\n<h2 class=\"wp-block-heading\"><strong>Wechsel im Vorstand des F\u00f6rdervereins der Ortsfeuerwehr Brinkum<\/strong><\/h2>\n\n\n\n<p>Brinkum &#8211; Nach mehr als 20 Jahren hat sich ein Wechsel im Vorstand des F\u00f6rdervereins der Ortsfeuerwehr Brinkum e.V. vollzogen. Der bisherige Vorsitzende Jens B\u00f6sselmann und der bisherige stellvertretende Vorsitzende Cord Tinnemeyer haben Ihre Posten, nach einstimmigem Votum der Mitgliederversammlung, an Adrian Gehle und Ronja Gartelmann \u00fcbergeben. Der bisherige Schrift- und Kassenwart Andreas Prescher bleibt dem Vorstand auch weiterhin in seiner Funktion erhalten. Zu den ersten Projekten des neuen Vorstands z\u00e4hlen die Erstellung einer neuen Internetseite sowie die Organisation Brinkumer Osterfeuers.<\/p>\n\n\n\n<p>Der F\u00f6rderverein der Ortsfeuerwehr Brinkum e.V. wurde am 27.10.2002 gegr\u00fcndet und seitdem vom bisherigen Vorstand geleitet. Er unterst\u00fctzt die Ortsfeuerwehr Brinkum auf vielf\u00e4ltige Art und Weise. So stellt er der Ortsfeuerwehr beispielsweise Hilfeleistungshandschuhe, Namensschilder, einen Anh\u00e4nger oder einen Drucker, der die Wegbeschreibung zum Einsatzort ausdruckt, zur Verf\u00fcgung. Zu den Einnahmequellen geh\u00f6ren das Brinkumer Osterfeuer, die f\u00f6rdernden Mitglieder und Spenden.<\/p>\n","protected":false},"excerpt":{"rendered":"<p>Wechsel im Vorstand des F\u00f6rdervereins der Ortsfeuerwehr Brinkum Brinkum &#8211; Nach mehr als 20 Jahren hat sich ein Wechsel im Vorstand des F\u00f6rdervereins der Ortsfeuerwehr Brinkum e.V. vollzogen. Der bisherige Vorsitzende Jens B\u00f6sselmann und der bisherige stellvertretende Vorsitzende Cord Tinnemeyer haben Ihre Posten, nach einstimmigem Votum der Mitgliederversammlung, an Adrian Gehle und Ronja Gartelmann \u00fcbergeben. [&hellip;]<\/p>\n","protected":false},"author":1,"featured_media":0,"parent":0,"menu_order":0,"comment_status":"closed","ping_status":"closed","template":"","meta":{"footnotes":""},"class_list":["post-1657","page","type-page","status-publish","hentry"],"yoast_head":"<!-- This site is optimized with the Yoast SEO plugin v27.4 - https:\/\/yoast.com\/product\/yoast-seo-wordpress\/ -->\n<title>Wechsel im Vorstand des F\u00f6rdervereins der Ortsfeuerwehr Brinkum - F\u00f6rderverein Feuerwehr Brinkum<\/title>\n<meta name=\"robots\" content=\"index, follow, max-snippet:-1, max-image-preview:large, max-video-preview:-1\" \/>\n<link rel=\"canonical\" href=\"https:\/\/fv-feuerwehrbrinkum.de\/?page_id=1657\" \/>\n<meta property=\"og:locale\" content=\"de_DE\" \/>\n<meta property=\"og:type\" content=\"article\" \/>\n<meta property=\"og:title\" content=\"Wechsel im Vorstand des F\u00f6rdervereins der Ortsfeuerwehr Brinkum - F\u00f6rderverein Feuerwehr Brinkum\" \/>\n<meta property=\"og:description\" content=\"Wechsel im Vorstand des F\u00f6rdervereins der Ortsfeuerwehr Brinkum Brinkum &#8211; Nach mehr als 20 Jahren hat sich ein Wechsel im Vorstand des F\u00f6rdervereins der Ortsfeuerwehr Brinkum e.V. vollzogen. Der bisherige Vorsitzende Jens B\u00f6sselmann und der bisherige stellvertretende Vorsitzende Cord Tinnemeyer haben Ihre Posten, nach einstimmigem Votum der Mitgliederversammlung, an Adrian Gehle und Ronja Gartelmann \u00fcbergeben. [&hellip;]\" \/>\n<meta property=\"og:url\" content=\"https:\/\/fv-feuerwehrbrinkum.de\/?page_id=1657\" \/>\n<meta property=\"og:site_name\" content=\"F\u00f6rderverein Feuerwehr Brinkum\" \/>\n<meta property=\"article:modified_time\" content=\"2024-03-26T15:40:34+00:00\" \/>\n<meta name=\"twitter:card\" content=\"summary_large_image\" \/>\n<meta name=\"twitter:label1\" content=\"Gesch\u00e4tzte Lesezeit\" \/>\n\t<meta name=\"twitter:data1\" content=\"1\u00a0Minute\" \/>\n<script type=\"application\/ld+json\" class=\"yoast-schema-graph\">{\"@context\":\"https:\\\/\\\/schema.org\",\"@graph\":[{\"@type\":\"WebPage\",\"@id\":\"https:\\\/\\\/fv-feuerwehrbrinkum.de\\\/?page_id=1657\",\"url\":\"https:\\\/\\\/fv-feuerwehrbrinkum.de\\\/?page_id=1657\",\"name\":\"Wechsel im Vorstand des F\u00f6rdervereins der Ortsfeuerwehr Brinkum - F\u00f6rderverein Feuerwehr Brinkum\",\"isPartOf\":{\"@id\":\"https:\\\/\\\/fv-feuerwehrbrinkum.de\\\/#website\"},\"datePublished\":\"2024-03-26T15:34:55+00:00\",\"dateModified\":\"2024-03-26T15:40:34+00:00\",\"breadcrumb\":{\"@id\":\"https:\\\/\\\/fv-feuerwehrbrinkum.de\\\/?page_id=1657#breadcrumb\"},\"inLanguage\":\"de\",\"potentialAction\":[{\"@type\":\"ReadAction\",\"target\":[\"https:\\\/\\\/fv-feuerwehrbrinkum.de\\\/?page_id=1657\"]}]},{\"@type\":\"BreadcrumbList\",\"@id\":\"https:\\\/\\\/fv-feuerwehrbrinkum.de\\\/?page_id=1657#breadcrumb\",\"itemListElement\":[{\"@type\":\"ListItem\",\"position\":1,\"name\":\"Startseite\",\"item\":\"https:\\\/\\\/fv-feuerwehrbrinkum.de\\\/\"},{\"@type\":\"ListItem\",\"position\":2,\"name\":\"Wechsel im Vorstand des F\u00f6rdervereins der Ortsfeuerwehr Brinkum\"}]},{\"@type\":\"WebSite\",\"@id\":\"https:\\\/\\\/fv-feuerwehrbrinkum.de\\\/#website\",\"url\":\"https:\\\/\\\/fv-feuerwehrbrinkum.de\\\/\",\"name\":\"F\u00f6rderverein Feuerwehr Brinkum\",\"description\":\"\",\"potentialAction\":[{\"@type\":\"SearchAction\",\"target\":{\"@type\":\"EntryPoint\",\"urlTemplate\":\"https:\\\/\\\/fv-feuerwehrbrinkum.de\\\/?s={search_term_string}\"},\"query-input\":{\"@type\":\"PropertyValueSpecification\",\"valueRequired\":true,\"valueName\":\"search_term_string\"}}],\"inLanguage\":\"de\"}]}<\/script>\n<!-- \/ Yoast SEO plugin. -->","yoast_head_json":{"title":"Wechsel im Vorstand des F\u00f6rdervereins der Ortsfeuerwehr Brinkum - F\u00f6rderverein Feuerwehr Brinkum","robots":{"index":"index","follow":"follow","max-snippet":"max-snippet:-1","max-image-preview":"max-image-preview:large","max-video-preview":"max-video-preview:-1"},"canonical":"https:\/\/fv-feuerwehrbrinkum.de\/?page_id=1657","og_locale":"de_DE","og_type":"article","og_title":"Wechsel im Vorstand des F\u00f6rdervereins der Ortsfeuerwehr Brinkum - F\u00f6rderverein Feuerwehr Brinkum","og_description":"Wechsel im Vorstand des F\u00f6rdervereins der Ortsfeuerwehr Brinkum Brinkum &#8211; Nach mehr als 20 Jahren hat sich ein Wechsel im Vorstand des F\u00f6rdervereins der Ortsfeuerwehr Brinkum e.V. vollzogen. Der bisherige Vorsitzende Jens B\u00f6sselmann und der bisherige stellvertretende Vorsitzende Cord Tinnemeyer haben Ihre Posten, nach einstimmigem Votum der Mitgliederversammlung, an Adrian Gehle und Ronja Gartelmann \u00fcbergeben. [&hellip;]","og_url":"https:\/\/fv-feuerwehrbrinkum.de\/?page_id=1657","og_site_name":"F\u00f6rderverein Feuerwehr Brinkum","article_modified_time":"2024-03-26T15:40:34+00:00","twitter_card":"summary_large_image","twitter_misc":{"Gesch\u00e4tzte Lesezeit":"1\u00a0Minute"},"schema":{"@context":"https:\/\/schema.org","@graph":[{"@type":"WebPage","@id":"https:\/\/fv-feuerwehrbrinkum.de\/?page_id=1657","url":"https:\/\/fv-feuerwehrbrinkum.de\/?page_id=1657","name":"Wechsel im Vorstand des F\u00f6rdervereins der Ortsfeuerwehr Brinkum - F\u00f6rderverein Feuerwehr Brinkum","isPartOf":{"@id":"https:\/\/fv-feuerwehrbrinkum.de\/#website"},"datePublished":"2024-03-26T15:34:55+00:00","dateModified":"2024-03-26T15:40:34+00:00","breadcrumb":{"@id":"https:\/\/fv-feuerwehrbrinkum.de\/?page_id=1657#breadcrumb"},"inLanguage":"de","potentialAction":[{"@type":"ReadAction","target":["https:\/\/fv-feuerwehrbrinkum.de\/?page_id=1657"]}]},{"@type":"BreadcrumbList","@id":"https:\/\/fv-feuerwehrbrinkum.de\/?page_id=1657#breadcrumb","itemListElement":[{"@type":"ListItem","position":1,"name":"Startseite","item":"https:\/\/fv-feuerwehrbrinkum.de\/"},{"@type":"ListItem","position":2,"name":"Wechsel im Vorstand des F\u00f6rdervereins der Ortsfeuerwehr Brinkum"}]},{"@type":"WebSite","@id":"https:\/\/fv-feuerwehrbrinkum.de\/#website","url":"https:\/\/fv-feuerwehrbrinkum.de\/","name":"F\u00f6rderverein Feuerwehr Brinkum","description":"","potentialAction":[{"@type":"SearchAction","target":{"@type":"EntryPoint","urlTemplate":"https:\/\/fv-feuerwehrbrinkum.de\/?s={search_term_string}"},"query-input":{"@type":"PropertyValueSpecification","valueRequired":true,"valueName":"search_term_string"}}],"inLanguage":"de"}]}},"_links":{"self":[{"href":"https:\/\/fv-feuerwehrbrinkum.de\/index.php?rest_route=\/wp\/v2\/pages\/1657","targetHints":{"allow":["GET"]}}],"collection":[{"href":"https:\/\/fv-feuerwehrbrinkum.de\/index.php?rest_route=\/wp\/v2\/pages"}],"about":[{"href":"https:\/\/fv-feuerwehrbrinkum.de\/index.php?rest_route=\/wp\/v2\/types\/page"}],"author":[{"embeddable":true,"href":"https:\/\/fv-feuerwehrbrinkum.de\/index.php?rest_route=\/wp\/v2\/users\/1"}],"replies":[{"embeddable":true,"href":"https:\/\/fv-feuerwehrbrinkum.de\/index.php?rest_route=%2Fwp%2Fv2%2Fcomments&post=1657"}],"version-history":[{"count":0,"href":"https:\/\/fv-feuerwehrbrinkum.de\/index.php?rest_route=\/wp\/v2\/pages\/1657\/revisions"}],"wp:attachment":[{"href":"https:\/\/fv-feuerwehrbrinkum.de\/index.php?rest_route=%2Fwp%2Fv2%2Fmedia&parent=1657"}],"curies":[{"name":"wp","href":"https:\/\/api.w.org\/{rel}","templated":true}]}}