{"id":2589,"date":"2024-10-30T14:55:37","date_gmt":"2024-10-30T14:55:37","guid":{"rendered":"https:\/\/fv-feuerwehrbrinkum.de\/?page_id=2589"},"modified":"2025-10-29T10:01:04","modified_gmt":"2025-10-29T10:01:04","slug":"colibri-2589","status":"publish","type":"page","link":"https:\/\/fv-feuerwehrbrinkum.de\/?page_id=2589","title":{"rendered":"Familienfest 2024"},"content":{"rendered":"<div data-colibri-id=\"2589-c1\" class=\"style-1306 style-local-2589-c1 position-relative\">\n  <!---->\n  <div data-colibri-component=\"section\" data-colibri-id=\"2589-c2\" id=\"content\" class=\"h-section h-section-global-spacing d-flex align-items-lg-center align-items-md-center align-items-center style-1307 style-local-2589-c2 position-relative\">\n    <!---->\n    <!---->\n    <div class=\"h-section-grid-container h-section-fluid-container\">\n      <!---->\n      <div data-colibri-id=\"2589-c13\" class=\"h-row-container gutters-row-lg-2 gutters-row-md-2 gutters-row-0 gutters-row-v-lg-2 gutters-row-v-md-2 gutters-row-v-2 style-1353 style-local-2589-c13 position-relative\">\n        <!---->\n        <div class=\"h-row justify-content-lg-center justify-content-md-center justify-content-center align-items-lg-stretch align-items-md-stretch align-items-stretch gutters-col-lg-2 gutters-col-md-2 gutters-col-0 gutters-col-v-lg-2 gutters-col-v-md-2 gutters-col-v-2\">\n          <!---->\n          <div class=\"h-column h-column-container d-flex h-col-lg-auto h-col-md-auto h-col-auto style-1354-outer style-local-2589-c14-outer\">\n            <div data-colibri-id=\"2589-c14\" class=\"d-flex h-flex-basis h-column__inner h-px-lg-2 h-px-md-2 h-px-2 v-inner-lg-2 v-inner-md-2 v-inner-2 style-1354 style-local-2589-c14 position-relative\">\n              <!---->\n              <!---->\n              <div class=\"w-100 h-y-container h-column__content h-column__v-align flex-basis-100 align-self-lg-start align-self-md-start align-self-start\">\n                <!---->\n                <div data-colibri-id=\"2589-c15\" class=\"style-1355 style-local-2589-c15 position-relative h-element\">\n                  <!---->\n                <\/div>\n              <\/div>\n            <\/div>\n          <\/div>\n        <\/div>\n      <\/div>\n      <div data-colibri-id=\"2589-c3\" class=\"h-row-container gutters-row-lg-0 gutters-row-md-0 gutters-row-2 gutters-row-v-lg-0 gutters-row-v-md-0 gutters-row-v-2 style-1308 style-local-2589-c3 position-relative\">\n        <!---->\n        <div class=\"h-row justify-content-lg-center justify-content-md-center justify-content-center align-items-lg-stretch align-items-md-stretch align-items-stretch gutters-col-lg-0 gutters-col-md-0 gutters-col-2 gutters-col-v-lg-0 gutters-col-v-md-0 gutters-col-v-2\">\n          <!---->\n          <div class=\"h-column h-column-container d-flex h-col-lg-auto h-col-md-auto h-col-auto style-1309-outer style-local-2589-c4-outer\">\n            <div data-colibri-id=\"2589-c4\" class=\"d-flex h-flex-basis h-column__inner h-px-lg-0 h-px-md-0 h-px-0 v-inner-lg-0 v-inner-md-0 v-inner-0 style-1309 style-local-2589-c4 position-relative\">\n              <!---->\n              <!---->\n              <div class=\"w-100 h-y-container h-column__content h-column__v-align flex-basis-100 align-self-lg-start align-self-md-start align-self-start\">\n                <!---->\n                <div data-colibri-id=\"2589-c5\" class=\"h-global-transition-all h-heading style-1311 style-local-2589-c5 position-relative h-element\">\n                  <!---->\n                  <div class=\"h-heading__outer style-1311 style-local-2589-c5\">\n                    <!---->\n                    <!---->\n                    <h2 class=\"\">Familienfest 2024<\/h2>\n                  <\/div>\n                <\/div>\n                <div data-colibri-id=\"2589-c6\" class=\"h-text h-text-component style-1312 style-local-2589-c6 position-relative h-element\">\n                  <!---->\n                  <!---->\n                  <div class=\"\">\n                    <p>365 Tage im Jahr sind die Einsatzkr\u00e4fte der Ortsfeuerwehr Brinkum, zu jeder Tages- und Nachtzeit, ganz egal ob Wochenende oder Feiertag, f\u00fcr die B\u00fcrger: innen der Gemeinde Stuhr in Bereitschaft.<\/p>\n                    <p>Allein im letzten Jahr r\u00fcckten die ehrenamtlichen Einsatzkr\u00e4fte rund 180 mal aus. Und auch in diesem Jahr hatten sie bereits im Sommer \u00fcber 100 Eins\u00e4tze.<\/p>\n                    <p>Um den Mitgliedern der Ortsfeuerwehr und deren Familien einen Dank f\u00fcr diese Leistung und Bereitschaft auszusprechen, organisierten wir, zusammen mit der Planungsgruppe der Ortsfeuerwehr, am 03. August 2024 ein Familienfest. Stattgefunden\n                      hat dies in der Zeit von 17:00 Uhr bis 23:00 Uhr.<\/p>\n                    <p>Mit einem Grillbuffet, einem Getr\u00e4nkewagen, der alle mit k\u00fchlen Getr\u00e4nken versorgte, einer H\u00fcpfburg f\u00fcr die Kinder, sowie geselliger Musik, war f\u00fcr das leibliche Wohl aller gesorgt.<\/p>\n                    <p>Anwesend waren 64 Erwachsene und 11 Kinder. Die Meldeempf\u00e4nger waren auch bei einer solchen Veranstaltung eingeschaltet, doch neue Eins\u00e4tze gab es an diesem Tag nicht, sodass alle zusammen einen sch\u00f6nen Tag verbrachten.<\/p>\n                    <p>\n                      <br>\n                    <\/p>\n                  <\/div>\n                <\/div>\n              <\/div>\n            <\/div>\n          <\/div>\n          <div class=\"h-column h-column-container d-flex h-col-lg-auto h-col-md-auto h-col-auto style-1317-outer style-local-2589-c7-outer\">\n            <div data-colibri-id=\"2589-c7\" class=\"d-flex h-flex-basis h-column__inner h-ui-empty-state-container h-px-lg-0 h-px-md-0 h-px-0 v-inner-lg-0 v-inner-md-0 v-inner-0 style-1317 style-local-2589-c7 position-relative\">\n              <!---->\n              <!---->\n              <div class=\"w-100 h-y-container h-column__content h-column__v-align flex-basis-100\">\n                <!---->\n              <\/div>\n            <\/div>\n          <\/div>\n          <div class=\"h-column h-column-container d-flex h-col-lg-auto h-col-md-auto h-col-auto style-1356-outer style-local-2589-c16-outer\">\n            <div data-colibri-id=\"2589-c16\" class=\"d-flex h-flex-basis h-column__inner h-ui-empty-state-container h-px-lg-2 h-px-md-2 h-px-2 v-inner-lg-2 v-inner-md-2 v-inner-2 style-1356 style-local-2589-c16 position-relative\">\n              <!---->\n              <!---->\n              <div class=\"w-100 h-y-container h-column__content h-column__v-align flex-basis-100\">\n                <!---->\n              <\/div>\n            <\/div>\n          <\/div>\n        <\/div>\n      <\/div>\n      <div data-colibri-id=\"2589-c8\" class=\"h-row-container gutters-row-lg-2 gutters-row-md-2 gutters-row-0 gutters-row-v-lg-2 gutters-row-v-md-2 gutters-row-v-2 style-1319 style-local-2589-c8 position-relative\">\n        <!---->\n        <div class=\"h-row justify-content-lg-center justify-content-md-center justify-content-center align-items-lg-stretch align-items-md-stretch align-items-stretch gutters-col-lg-2 gutters-col-md-2 gutters-col-0 gutters-col-v-lg-2 gutters-col-v-md-2 gutters-col-v-2\">\n          <!---->\n          <div class=\"h-column h-column-container d-flex h-col-lg-6 h-col-md-6 h-col-12 style-1320-outer style-local-2589-c9-outer\">\n            <div data-colibri-id=\"2589-c9\" class=\"d-flex h-flex-basis h-column__inner h-px-lg-2 h-px-md-2 h-px-2 v-inner-lg-2 v-inner-md-2 v-inner-2 style-1320 style-local-2589-c9 position-relative\">\n              <!---->\n              <!---->\n              <div class=\"w-100 h-y-container h-column__content h-column__v-align flex-basis-100 align-self-lg-center align-self-md-center align-self-center\">\n                <!---->\n                <div data-colibri-id=\"2589-c10\" class=\"d-block style-1322 style-local-2589-c10 position-relative h-element\">\n                  <!---->\n                  <div class=\"h-image__frame-container-outer\">\n                    <div class=\"h-image__frame-container\">\n                      <!---->\n                      <!---->\n                      <img loading=\"lazy\" decoding=\"async\" width=\"1080\" height=\"608\" src=\"https:\/\/fv-feuerwehrbrinkum.de\/wp-content\/uploads\/2024\/10\/FB_IMG_1730299856156.jpg\" class=\"wp-image-2594 style-1322-image style-local-2589-c10-image\" alt=\"\" srcset=\"https:\/\/fv-feuerwehrbrinkum.de\/wp-content\/uploads\/2024\/10\/FB_IMG_1730299856156.jpg 1080w, https:\/\/fv-feuerwehrbrinkum.de\/wp-content\/uploads\/2024\/10\/FB_IMG_1730299856156-300x169.jpg 300w, https:\/\/fv-feuerwehrbrinkum.de\/wp-content\/uploads\/2024\/10\/FB_IMG_1730299856156-1024x576.jpg 1024w, https:\/\/fv-feuerwehrbrinkum.de\/wp-content\/uploads\/2024\/10\/FB_IMG_1730299856156-768x432.jpg 768w\" sizes=\"auto, (max-width: 1080px) 100vw, 1080px\" \/>\n                      <div class=\"h-image__frame h-hide-lg h-hide-md h-hide-sm style-1322-frameImage style-local-2589-c10-frameImage\"><\/div>\n                    <\/div>\n                  <\/div>\n                <\/div>\n              <\/div>\n            <\/div>\n          <\/div>\n          <div class=\"h-column h-column-container d-flex h-col-lg-6 h-col-md-6 h-col-12 style-1321-outer style-local-2589-c11-outer\">\n            <div data-colibri-id=\"2589-c11\" class=\"d-flex h-flex-basis h-column__inner h-px-lg-2 h-px-md-2 h-px-2 v-inner-lg-2 v-inner-md-2 v-inner-2 style-1321 style-local-2589-c11 position-relative\">\n              <!---->\n              <!---->\n              <div class=\"w-100 h-y-container h-column__content h-column__v-align flex-basis-100 align-self-lg-start align-self-md-start align-self-start\">\n                <!---->\n                <div data-colibri-id=\"2589-c12\" class=\"d-block style-1323 style-local-2589-c12 position-relative h-element\">\n                  <!---->\n                  <div class=\"h-image__frame-container-outer\">\n                    <div class=\"h-image__frame-container\">\n                      <!---->\n                      <!---->\n                      <img decoding=\"async\" src=\"https:\/\/fv-feuerwehrbrinkum.de\/wp-content\/uploads\/2024\/10\/FB_IMG_1730299858490-768x960.jpg\" class=\"style-1323-image style-local-2589-c12-image\">\n                      <div class=\"h-image__frame h-hide-lg h-hide-md h-hide-sm style-1323-frameImage style-local-2589-c12-frameImage\"><\/div>\n                    <\/div>\n                  <\/div>\n                <\/div>\n              <\/div>\n            <\/div>\n          <\/div>\n        <\/div>\n      <\/div>\n    <\/div>\n  <\/div>\n<\/div>","protected":false},"excerpt":{"rendered":"<p>Familienfest 2024 365 Tage im Jahr sind die Einsatzkr\u00e4fte der Ortsfeuerwehr Brinkum, zu jeder Tages- und Nachtzeit, ganz egal ob Wochenende oder Feiertag, f\u00fcr die B\u00fcrger: innen der Gemeinde Stuhr in Bereitschaft. Allein im letzten Jahr r\u00fcckten die ehrenamtlichen Einsatzkr\u00e4fte rund 180 mal aus. Und auch in diesem Jahr hatten sie bereits im Sommer \u00fcber [&hellip;]<\/p>\n","protected":false},"author":3,"featured_media":0,"parent":0,"menu_order":0,"comment_status":"closed","ping_status":"closed","template":"page-templates\/full-width-page.php","meta":{"footnotes":""},"class_list":["post-2589","page","type-page","status-publish","hentry"],"yoast_head":"<!-- This site is optimized with the Yoast SEO plugin v27.4 - https:\/\/yoast.com\/product\/yoast-seo-wordpress\/ -->\n<title>Familienfest 2024 - F\u00f6rderverein Feuerwehr Brinkum<\/title>\n<meta name=\"robots\" content=\"index, follow, max-snippet:-1, max-image-preview:large, max-video-preview:-1\" \/>\n<link rel=\"canonical\" href=\"https:\/\/fv-feuerwehrbrinkum.de\/?page_id=2589\" \/>\n<meta property=\"og:locale\" content=\"de_DE\" \/>\n<meta property=\"og:type\" content=\"article\" \/>\n<meta property=\"og:title\" content=\"Familienfest 2024 - F\u00f6rderverein Feuerwehr Brinkum\" \/>\n<meta property=\"og:description\" content=\"Familienfest 2024 365 Tage im Jahr sind die Einsatzkr\u00e4fte der Ortsfeuerwehr Brinkum, zu jeder Tages- und Nachtzeit, ganz egal ob Wochenende oder Feiertag, f\u00fcr die B\u00fcrger: innen der Gemeinde Stuhr in Bereitschaft. Allein im letzten Jahr r\u00fcckten die ehrenamtlichen Einsatzkr\u00e4fte rund 180 mal aus. Und auch in diesem Jahr hatten sie bereits im Sommer \u00fcber [&hellip;]\" \/>\n<meta property=\"og:url\" content=\"https:\/\/fv-feuerwehrbrinkum.de\/?page_id=2589\" \/>\n<meta property=\"og:site_name\" content=\"F\u00f6rderverein Feuerwehr Brinkum\" \/>\n<meta property=\"article:modified_time\" content=\"2025-10-29T10:01:04+00:00\" \/>\n<meta property=\"og:image\" content=\"https:\/\/fv-feuerwehrbrinkum.de\/wp-content\/uploads\/2024\/10\/FB_IMG_1730299856156.jpg\" \/>\n\t<meta property=\"og:image:width\" content=\"1080\" \/>\n\t<meta property=\"og:image:height\" content=\"608\" \/>\n\t<meta property=\"og:image:type\" content=\"image\/jpeg\" \/>\n<meta name=\"twitter:card\" content=\"summary_large_image\" \/>\n<meta name=\"twitter:label1\" content=\"Gesch\u00e4tzte Lesezeit\" \/>\n\t<meta name=\"twitter:data1\" content=\"2\u00a0Minuten\" \/>\n<script type=\"application\/ld+json\" class=\"yoast-schema-graph\">{\"@context\":\"https:\\\/\\\/schema.org\",\"@graph\":[{\"@type\":\"WebPage\",\"@id\":\"https:\\\/\\\/fv-feuerwehrbrinkum.de\\\/?page_id=2589\",\"url\":\"https:\\\/\\\/fv-feuerwehrbrinkum.de\\\/?page_id=2589\",\"name\":\"Familienfest 2024 - F\u00f6rderverein Feuerwehr Brinkum\",\"isPartOf\":{\"@id\":\"https:\\\/\\\/fv-feuerwehrbrinkum.de\\\/#website\"},\"primaryImageOfPage\":{\"@id\":\"https:\\\/\\\/fv-feuerwehrbrinkum.de\\\/?page_id=2589#primaryimage\"},\"image\":{\"@id\":\"https:\\\/\\\/fv-feuerwehrbrinkum.de\\\/?page_id=2589#primaryimage\"},\"thumbnailUrl\":\"https:\\\/\\\/fv-feuerwehrbrinkum.de\\\/wp-content\\\/uploads\\\/2024\\\/10\\\/FB_IMG_1730299856156.jpg\",\"datePublished\":\"2024-10-30T14:55:37+00:00\",\"dateModified\":\"2025-10-29T10:01:04+00:00\",\"breadcrumb\":{\"@id\":\"https:\\\/\\\/fv-feuerwehrbrinkum.de\\\/?page_id=2589#breadcrumb\"},\"inLanguage\":\"de\",\"potentialAction\":[{\"@type\":\"ReadAction\",\"target\":[\"https:\\\/\\\/fv-feuerwehrbrinkum.de\\\/?page_id=2589\"]}]},{\"@type\":\"ImageObject\",\"inLanguage\":\"de\",\"@id\":\"https:\\\/\\\/fv-feuerwehrbrinkum.de\\\/?page_id=2589#primaryimage\",\"url\":\"https:\\\/\\\/fv-feuerwehrbrinkum.de\\\/wp-content\\\/uploads\\\/2024\\\/10\\\/FB_IMG_1730299856156.jpg\",\"contentUrl\":\"https:\\\/\\\/fv-feuerwehrbrinkum.de\\\/wp-content\\\/uploads\\\/2024\\\/10\\\/FB_IMG_1730299856156.jpg\",\"width\":1080,\"height\":608},{\"@type\":\"BreadcrumbList\",\"@id\":\"https:\\\/\\\/fv-feuerwehrbrinkum.de\\\/?page_id=2589#breadcrumb\",\"itemListElement\":[{\"@type\":\"ListItem\",\"position\":1,\"name\":\"Startseite\",\"item\":\"https:\\\/\\\/fv-feuerwehrbrinkum.de\\\/\"},{\"@type\":\"ListItem\",\"position\":2,\"name\":\"Familienfest 2024\"}]},{\"@type\":\"WebSite\",\"@id\":\"https:\\\/\\\/fv-feuerwehrbrinkum.de\\\/#website\",\"url\":\"https:\\\/\\\/fv-feuerwehrbrinkum.de\\\/\",\"name\":\"F\u00f6rderverein Feuerwehr Brinkum\",\"description\":\"\",\"potentialAction\":[{\"@type\":\"SearchAction\",\"target\":{\"@type\":\"EntryPoint\",\"urlTemplate\":\"https:\\\/\\\/fv-feuerwehrbrinkum.de\\\/?s={search_term_string}\"},\"query-input\":{\"@type\":\"PropertyValueSpecification\",\"valueRequired\":true,\"valueName\":\"search_term_string\"}}],\"inLanguage\":\"de\"}]}<\/script>\n<!-- \/ Yoast SEO plugin. -->","yoast_head_json":{"title":"Familienfest 2024 - F\u00f6rderverein Feuerwehr Brinkum","robots":{"index":"index","follow":"follow","max-snippet":"max-snippet:-1","max-image-preview":"max-image-preview:large","max-video-preview":"max-video-preview:-1"},"canonical":"https:\/\/fv-feuerwehrbrinkum.de\/?page_id=2589","og_locale":"de_DE","og_type":"article","og_title":"Familienfest 2024 - F\u00f6rderverein Feuerwehr Brinkum","og_description":"Familienfest 2024 365 Tage im Jahr sind die Einsatzkr\u00e4fte der Ortsfeuerwehr Brinkum, zu jeder Tages- und Nachtzeit, ganz egal ob Wochenende oder Feiertag, f\u00fcr die B\u00fcrger: innen der Gemeinde Stuhr in Bereitschaft. Allein im letzten Jahr r\u00fcckten die ehrenamtlichen Einsatzkr\u00e4fte rund 180 mal aus. Und auch in diesem Jahr hatten sie bereits im Sommer \u00fcber [&hellip;]","og_url":"https:\/\/fv-feuerwehrbrinkum.de\/?page_id=2589","og_site_name":"F\u00f6rderverein Feuerwehr Brinkum","article_modified_time":"2025-10-29T10:01:04+00:00","og_image":[{"width":1080,"height":608,"url":"https:\/\/fv-feuerwehrbrinkum.de\/wp-content\/uploads\/2024\/10\/FB_IMG_1730299856156.jpg","type":"image\/jpeg"}],"twitter_card":"summary_large_image","twitter_misc":{"Gesch\u00e4tzte Lesezeit":"2\u00a0Minuten"},"schema":{"@context":"https:\/\/schema.org","@graph":[{"@type":"WebPage","@id":"https:\/\/fv-feuerwehrbrinkum.de\/?page_id=2589","url":"https:\/\/fv-feuerwehrbrinkum.de\/?page_id=2589","name":"Familienfest 2024 - F\u00f6rderverein Feuerwehr Brinkum","isPartOf":{"@id":"https:\/\/fv-feuerwehrbrinkum.de\/#website"},"primaryImageOfPage":{"@id":"https:\/\/fv-feuerwehrbrinkum.de\/?page_id=2589#primaryimage"},"image":{"@id":"https:\/\/fv-feuerwehrbrinkum.de\/?page_id=2589#primaryimage"},"thumbnailUrl":"https:\/\/fv-feuerwehrbrinkum.de\/wp-content\/uploads\/2024\/10\/FB_IMG_1730299856156.jpg","datePublished":"2024-10-30T14:55:37+00:00","dateModified":"2025-10-29T10:01:04+00:00","breadcrumb":{"@id":"https:\/\/fv-feuerwehrbrinkum.de\/?page_id=2589#breadcrumb"},"inLanguage":"de","potentialAction":[{"@type":"ReadAction","target":["https:\/\/fv-feuerwehrbrinkum.de\/?page_id=2589"]}]},{"@type":"ImageObject","inLanguage":"de","@id":"https:\/\/fv-feuerwehrbrinkum.de\/?page_id=2589#primaryimage","url":"https:\/\/fv-feuerwehrbrinkum.de\/wp-content\/uploads\/2024\/10\/FB_IMG_1730299856156.jpg","contentUrl":"https:\/\/fv-feuerwehrbrinkum.de\/wp-content\/uploads\/2024\/10\/FB_IMG_1730299856156.jpg","width":1080,"height":608},{"@type":"BreadcrumbList","@id":"https:\/\/fv-feuerwehrbrinkum.de\/?page_id=2589#breadcrumb","itemListElement":[{"@type":"ListItem","position":1,"name":"Startseite","item":"https:\/\/fv-feuerwehrbrinkum.de\/"},{"@type":"ListItem","position":2,"name":"Familienfest 2024"}]},{"@type":"WebSite","@id":"https:\/\/fv-feuerwehrbrinkum.de\/#website","url":"https:\/\/fv-feuerwehrbrinkum.de\/","name":"F\u00f6rderverein Feuerwehr Brinkum","description":"","potentialAction":[{"@type":"SearchAction","target":{"@type":"EntryPoint","urlTemplate":"https:\/\/fv-feuerwehrbrinkum.de\/?s={search_term_string}"},"query-input":{"@type":"PropertyValueSpecification","valueRequired":true,"valueName":"search_term_string"}}],"inLanguage":"de"}]}},"_links":{"self":[{"href":"https:\/\/fv-feuerwehrbrinkum.de\/index.php?rest_route=\/wp\/v2\/pages\/2589","targetHints":{"allow":["GET"]}}],"collection":[{"href":"https:\/\/fv-feuerwehrbrinkum.de\/index.php?rest_route=\/wp\/v2\/pages"}],"about":[{"href":"https:\/\/fv-feuerwehrbrinkum.de\/index.php?rest_route=\/wp\/v2\/types\/page"}],"author":[{"embeddable":true,"href":"https:\/\/fv-feuerwehrbrinkum.de\/index.php?rest_route=\/wp\/v2\/users\/3"}],"replies":[{"embeddable":true,"href":"https:\/\/fv-feuerwehrbrinkum.de\/index.php?rest_route=%2Fwp%2Fv2%2Fcomments&post=2589"}],"version-history":[{"count":6,"href":"https:\/\/fv-feuerwehrbrinkum.de\/index.php?rest_route=\/wp\/v2\/pages\/2589\/revisions"}],"predecessor-version":[{"id":2894,"href":"https:\/\/fv-feuerwehrbrinkum.de\/index.php?rest_route=\/wp\/v2\/pages\/2589\/revisions\/2894"}],"wp:attachment":[{"href":"https:\/\/fv-feuerwehrbrinkum.de\/index.php?rest_route=%2Fwp%2Fv2%2Fmedia&parent=2589"}],"curies":[{"name":"wp","href":"https:\/\/api.w.org\/{rel}","templated":true}]}}