{"id":2855,"date":"2025-10-29T09:52:03","date_gmt":"2025-10-29T09:52:03","guid":{"rendered":"https:\/\/fv-feuerwehrbrinkum.de\/?page_id=2855"},"modified":"2025-10-29T10:02:51","modified_gmt":"2025-10-29T10:02:51","slug":"oktoberfest-2025","status":"publish","type":"page","link":"https:\/\/fv-feuerwehrbrinkum.de\/?page_id=2855","title":{"rendered":"Oktoberfest 2025"},"content":{"rendered":"\n<div style=\"height:70px\" aria-hidden=\"true\" class=\"wp-block-spacer\"><\/div>\n\n\n\n<h2 class=\"wp-block-heading\">Oktoberfest 2025<\/h2>\n\n\n\n<figure class=\"wp-block-image size-large\"><img loading=\"lazy\" decoding=\"async\" width=\"1024\" height=\"576\" src=\"https:\/\/fv-feuerwehrbrinkum.de\/wp-content\/uploads\/2025\/10\/2951a47d-7003-4ec1-85e4-b2ac2fc64116-1024x576.jpeg\" alt=\"\" class=\"wp-image-2856\" srcset=\"https:\/\/fv-feuerwehrbrinkum.de\/wp-content\/uploads\/2025\/10\/2951a47d-7003-4ec1-85e4-b2ac2fc64116-1024x576.jpeg 1024w, https:\/\/fv-feuerwehrbrinkum.de\/wp-content\/uploads\/2025\/10\/2951a47d-7003-4ec1-85e4-b2ac2fc64116-300x169.jpeg 300w, https:\/\/fv-feuerwehrbrinkum.de\/wp-content\/uploads\/2025\/10\/2951a47d-7003-4ec1-85e4-b2ac2fc64116-768x432.jpeg 768w, https:\/\/fv-feuerwehrbrinkum.de\/wp-content\/uploads\/2025\/10\/2951a47d-7003-4ec1-85e4-b2ac2fc64116-1536x864.jpeg 1536w, https:\/\/fv-feuerwehrbrinkum.de\/wp-content\/uploads\/2025\/10\/2951a47d-7003-4ec1-85e4-b2ac2fc64116.jpeg 1600w\" sizes=\"auto, (max-width: 1024px) 100vw, 1024px\" \/><\/figure>\n\n\n\n<p class=\"has-text-align-left\">Ein Abend mit bayerischem Flair<\/p>\n\n\n\n<p class=\"has-text-align-left\">Am 27. September 2025 veranstalteten wir, mit Hilfe der Planungsgruppe der Ortsfeuerwehr Brinkum, ein Oktoberfest, das bei allen Anwesenden gro\u00dfen Anklang fand.<br><br>Ab 19 Uhr wurden alle aktiven Mitglieder der Feuerwehr, Alterskamerad*innen sowie F\u00f6rder*innen jeweils inklusive ihrer Partner*innen zu einem geselligen Abend in der festlich dekorierten Fahrzeughalle empfangen. Insgesamt hatten sich im Vorfeld 97 Personen f\u00fcr die Veranstaltung angemeldet.<br>Das leibliche Wohl wurde durch ein umfangreiches Oktoberfest-Buffet sichergestellt. Dazu wurden k\u00fchle Getr\u00e4nke aus einem eigens bereitgestellten Getr\u00e4nkewagen serviert. In geselliger Runde wurde gelacht und sich ausgetauscht, ganz im Zeichen der Gemeinschaft und Kameradschaft.<\/p>\n\n\n\n<figure class=\"wp-block-image size-large\"><img loading=\"lazy\" decoding=\"async\" width=\"1024\" height=\"576\" src=\"https:\/\/fv-feuerwehrbrinkum.de\/wp-content\/uploads\/2025\/10\/24cee08b-1422-4fa7-b313-e6d627e32c32-1024x576.jpeg\" alt=\"\" class=\"wp-image-2857\" srcset=\"https:\/\/fv-feuerwehrbrinkum.de\/wp-content\/uploads\/2025\/10\/24cee08b-1422-4fa7-b313-e6d627e32c32-1024x576.jpeg 1024w, https:\/\/fv-feuerwehrbrinkum.de\/wp-content\/uploads\/2025\/10\/24cee08b-1422-4fa7-b313-e6d627e32c32-300x169.jpeg 300w, https:\/\/fv-feuerwehrbrinkum.de\/wp-content\/uploads\/2025\/10\/24cee08b-1422-4fa7-b313-e6d627e32c32-768x432.jpeg 768w, https:\/\/fv-feuerwehrbrinkum.de\/wp-content\/uploads\/2025\/10\/24cee08b-1422-4fa7-b313-e6d627e32c32-1536x864.jpeg 1536w, https:\/\/fv-feuerwehrbrinkum.de\/wp-content\/uploads\/2025\/10\/24cee08b-1422-4fa7-b313-e6d627e32c32.jpeg 1600w\" sizes=\"auto, (max-width: 1024px) 100vw, 1024px\" \/><\/figure>\n","protected":false},"excerpt":{"rendered":"<p>Oktoberfest 2025 Ein Abend mit bayerischem Flair Am 27. September 2025 veranstalteten wir, mit Hilfe der Planungsgruppe der Ortsfeuerwehr Brinkum, ein Oktoberfest, das bei allen Anwesenden gro\u00dfen Anklang fand. Ab 19 Uhr wurden alle aktiven Mitglieder der Feuerwehr, Alterskamerad*innen sowie F\u00f6rder*innen jeweils inklusive ihrer Partner*innen zu einem geselligen Abend in der festlich dekorierten Fahrzeughalle empfangen. [&hellip;]<\/p>\n","protected":false},"author":1,"featured_media":0,"parent":0,"menu_order":0,"comment_status":"closed","ping_status":"closed","template":"","meta":{"footnotes":""},"class_list":["post-2855","page","type-page","status-publish","hentry"],"yoast_head":"<!-- This site is optimized with the Yoast SEO plugin v27.4 - https:\/\/yoast.com\/product\/yoast-seo-wordpress\/ -->\n<title>Oktoberfest 2025 - F\u00f6rderverein Feuerwehr Brinkum<\/title>\n<meta name=\"robots\" content=\"index, follow, max-snippet:-1, max-image-preview:large, max-video-preview:-1\" \/>\n<link rel=\"canonical\" href=\"https:\/\/fv-feuerwehrbrinkum.de\/?page_id=2855\" \/>\n<meta property=\"og:locale\" content=\"de_DE\" \/>\n<meta property=\"og:type\" content=\"article\" \/>\n<meta property=\"og:title\" content=\"Oktoberfest 2025 - F\u00f6rderverein Feuerwehr Brinkum\" \/>\n<meta property=\"og:description\" content=\"Oktoberfest 2025 Ein Abend mit bayerischem Flair Am 27. September 2025 veranstalteten wir, mit Hilfe der Planungsgruppe der Ortsfeuerwehr Brinkum, ein Oktoberfest, das bei allen Anwesenden gro\u00dfen Anklang fand. Ab 19 Uhr wurden alle aktiven Mitglieder der Feuerwehr, Alterskamerad*innen sowie F\u00f6rder*innen jeweils inklusive ihrer Partner*innen zu einem geselligen Abend in der festlich dekorierten Fahrzeughalle empfangen. [&hellip;]\" \/>\n<meta property=\"og:url\" content=\"https:\/\/fv-feuerwehrbrinkum.de\/?page_id=2855\" \/>\n<meta property=\"og:site_name\" content=\"F\u00f6rderverein Feuerwehr Brinkum\" \/>\n<meta property=\"article:modified_time\" content=\"2025-10-29T10:02:51+00:00\" \/>\n<meta property=\"og:image\" content=\"https:\/\/fv-feuerwehrbrinkum.de\/wp-content\/uploads\/2025\/10\/2951a47d-7003-4ec1-85e4-b2ac2fc64116.jpeg\" \/>\n\t<meta property=\"og:image:width\" content=\"1600\" \/>\n\t<meta property=\"og:image:height\" content=\"900\" \/>\n\t<meta property=\"og:image:type\" content=\"image\/jpeg\" \/>\n<meta name=\"twitter:card\" content=\"summary_large_image\" \/>\n<meta name=\"twitter:label1\" content=\"Gesch\u00e4tzte Lesezeit\" \/>\n\t<meta name=\"twitter:data1\" content=\"1\u00a0Minute\" \/>\n<script type=\"application\/ld+json\" class=\"yoast-schema-graph\">{\"@context\":\"https:\\\/\\\/schema.org\",\"@graph\":[{\"@type\":\"WebPage\",\"@id\":\"https:\\\/\\\/fv-feuerwehrbrinkum.de\\\/?page_id=2855\",\"url\":\"https:\\\/\\\/fv-feuerwehrbrinkum.de\\\/?page_id=2855\",\"name\":\"Oktoberfest 2025 - F\u00f6rderverein Feuerwehr Brinkum\",\"isPartOf\":{\"@id\":\"https:\\\/\\\/fv-feuerwehrbrinkum.de\\\/#website\"},\"primaryImageOfPage\":{\"@id\":\"https:\\\/\\\/fv-feuerwehrbrinkum.de\\\/?page_id=2855#primaryimage\"},\"image\":{\"@id\":\"https:\\\/\\\/fv-feuerwehrbrinkum.de\\\/?page_id=2855#primaryimage\"},\"thumbnailUrl\":\"https:\\\/\\\/fv-feuerwehrbrinkum.de\\\/wp-content\\\/uploads\\\/2025\\\/10\\\/2951a47d-7003-4ec1-85e4-b2ac2fc64116-1024x576.jpeg\",\"datePublished\":\"2025-10-29T09:52:03+00:00\",\"dateModified\":\"2025-10-29T10:02:51+00:00\",\"breadcrumb\":{\"@id\":\"https:\\\/\\\/fv-feuerwehrbrinkum.de\\\/?page_id=2855#breadcrumb\"},\"inLanguage\":\"de\",\"potentialAction\":[{\"@type\":\"ReadAction\",\"target\":[\"https:\\\/\\\/fv-feuerwehrbrinkum.de\\\/?page_id=2855\"]}]},{\"@type\":\"ImageObject\",\"inLanguage\":\"de\",\"@id\":\"https:\\\/\\\/fv-feuerwehrbrinkum.de\\\/?page_id=2855#primaryimage\",\"url\":\"https:\\\/\\\/fv-feuerwehrbrinkum.de\\\/wp-content\\\/uploads\\\/2025\\\/10\\\/2951a47d-7003-4ec1-85e4-b2ac2fc64116.jpeg\",\"contentUrl\":\"https:\\\/\\\/fv-feuerwehrbrinkum.de\\\/wp-content\\\/uploads\\\/2025\\\/10\\\/2951a47d-7003-4ec1-85e4-b2ac2fc64116.jpeg\",\"width\":1600,\"height\":900},{\"@type\":\"BreadcrumbList\",\"@id\":\"https:\\\/\\\/fv-feuerwehrbrinkum.de\\\/?page_id=2855#breadcrumb\",\"itemListElement\":[{\"@type\":\"ListItem\",\"position\":1,\"name\":\"Startseite\",\"item\":\"https:\\\/\\\/fv-feuerwehrbrinkum.de\\\/\"},{\"@type\":\"ListItem\",\"position\":2,\"name\":\"Oktoberfest 2025\"}]},{\"@type\":\"WebSite\",\"@id\":\"https:\\\/\\\/fv-feuerwehrbrinkum.de\\\/#website\",\"url\":\"https:\\\/\\\/fv-feuerwehrbrinkum.de\\\/\",\"name\":\"F\u00f6rderverein Feuerwehr Brinkum\",\"description\":\"\",\"potentialAction\":[{\"@type\":\"SearchAction\",\"target\":{\"@type\":\"EntryPoint\",\"urlTemplate\":\"https:\\\/\\\/fv-feuerwehrbrinkum.de\\\/?s={search_term_string}\"},\"query-input\":{\"@type\":\"PropertyValueSpecification\",\"valueRequired\":true,\"valueName\":\"search_term_string\"}}],\"inLanguage\":\"de\"}]}<\/script>\n<!-- \/ Yoast SEO plugin. -->","yoast_head_json":{"title":"Oktoberfest 2025 - F\u00f6rderverein Feuerwehr Brinkum","robots":{"index":"index","follow":"follow","max-snippet":"max-snippet:-1","max-image-preview":"max-image-preview:large","max-video-preview":"max-video-preview:-1"},"canonical":"https:\/\/fv-feuerwehrbrinkum.de\/?page_id=2855","og_locale":"de_DE","og_type":"article","og_title":"Oktoberfest 2025 - F\u00f6rderverein Feuerwehr Brinkum","og_description":"Oktoberfest 2025 Ein Abend mit bayerischem Flair Am 27. September 2025 veranstalteten wir, mit Hilfe der Planungsgruppe der Ortsfeuerwehr Brinkum, ein Oktoberfest, das bei allen Anwesenden gro\u00dfen Anklang fand. Ab 19 Uhr wurden alle aktiven Mitglieder der Feuerwehr, Alterskamerad*innen sowie F\u00f6rder*innen jeweils inklusive ihrer Partner*innen zu einem geselligen Abend in der festlich dekorierten Fahrzeughalle empfangen. [&hellip;]","og_url":"https:\/\/fv-feuerwehrbrinkum.de\/?page_id=2855","og_site_name":"F\u00f6rderverein Feuerwehr Brinkum","article_modified_time":"2025-10-29T10:02:51+00:00","og_image":[{"width":1600,"height":900,"url":"https:\/\/fv-feuerwehrbrinkum.de\/wp-content\/uploads\/2025\/10\/2951a47d-7003-4ec1-85e4-b2ac2fc64116.jpeg","type":"image\/jpeg"}],"twitter_card":"summary_large_image","twitter_misc":{"Gesch\u00e4tzte Lesezeit":"1\u00a0Minute"},"schema":{"@context":"https:\/\/schema.org","@graph":[{"@type":"WebPage","@id":"https:\/\/fv-feuerwehrbrinkum.de\/?page_id=2855","url":"https:\/\/fv-feuerwehrbrinkum.de\/?page_id=2855","name":"Oktoberfest 2025 - F\u00f6rderverein Feuerwehr Brinkum","isPartOf":{"@id":"https:\/\/fv-feuerwehrbrinkum.de\/#website"},"primaryImageOfPage":{"@id":"https:\/\/fv-feuerwehrbrinkum.de\/?page_id=2855#primaryimage"},"image":{"@id":"https:\/\/fv-feuerwehrbrinkum.de\/?page_id=2855#primaryimage"},"thumbnailUrl":"https:\/\/fv-feuerwehrbrinkum.de\/wp-content\/uploads\/2025\/10\/2951a47d-7003-4ec1-85e4-b2ac2fc64116-1024x576.jpeg","datePublished":"2025-10-29T09:52:03+00:00","dateModified":"2025-10-29T10:02:51+00:00","breadcrumb":{"@id":"https:\/\/fv-feuerwehrbrinkum.de\/?page_id=2855#breadcrumb"},"inLanguage":"de","potentialAction":[{"@type":"ReadAction","target":["https:\/\/fv-feuerwehrbrinkum.de\/?page_id=2855"]}]},{"@type":"ImageObject","inLanguage":"de","@id":"https:\/\/fv-feuerwehrbrinkum.de\/?page_id=2855#primaryimage","url":"https:\/\/fv-feuerwehrbrinkum.de\/wp-content\/uploads\/2025\/10\/2951a47d-7003-4ec1-85e4-b2ac2fc64116.jpeg","contentUrl":"https:\/\/fv-feuerwehrbrinkum.de\/wp-content\/uploads\/2025\/10\/2951a47d-7003-4ec1-85e4-b2ac2fc64116.jpeg","width":1600,"height":900},{"@type":"BreadcrumbList","@id":"https:\/\/fv-feuerwehrbrinkum.de\/?page_id=2855#breadcrumb","itemListElement":[{"@type":"ListItem","position":1,"name":"Startseite","item":"https:\/\/fv-feuerwehrbrinkum.de\/"},{"@type":"ListItem","position":2,"name":"Oktoberfest 2025"}]},{"@type":"WebSite","@id":"https:\/\/fv-feuerwehrbrinkum.de\/#website","url":"https:\/\/fv-feuerwehrbrinkum.de\/","name":"F\u00f6rderverein Feuerwehr Brinkum","description":"","potentialAction":[{"@type":"SearchAction","target":{"@type":"EntryPoint","urlTemplate":"https:\/\/fv-feuerwehrbrinkum.de\/?s={search_term_string}"},"query-input":{"@type":"PropertyValueSpecification","valueRequired":true,"valueName":"search_term_string"}}],"inLanguage":"de"}]}},"_links":{"self":[{"href":"https:\/\/fv-feuerwehrbrinkum.de\/index.php?rest_route=\/wp\/v2\/pages\/2855","targetHints":{"allow":["GET"]}}],"collection":[{"href":"https:\/\/fv-feuerwehrbrinkum.de\/index.php?rest_route=\/wp\/v2\/pages"}],"about":[{"href":"https:\/\/fv-feuerwehrbrinkum.de\/index.php?rest_route=\/wp\/v2\/types\/page"}],"author":[{"embeddable":true,"href":"https:\/\/fv-feuerwehrbrinkum.de\/index.php?rest_route=\/wp\/v2\/users\/1"}],"replies":[{"embeddable":true,"href":"https:\/\/fv-feuerwehrbrinkum.de\/index.php?rest_route=%2Fwp%2Fv2%2Fcomments&post=2855"}],"version-history":[{"count":0,"href":"https:\/\/fv-feuerwehrbrinkum.de\/index.php?rest_route=\/wp\/v2\/pages\/2855\/revisions"}],"wp:attachment":[{"href":"https:\/\/fv-feuerwehrbrinkum.de\/index.php?rest_route=%2Fwp%2Fv2%2Fmedia&parent=2855"}],"curies":[{"name":"wp","href":"https:\/\/api.w.org\/{rel}","templated":true}]}}