{"id":693,"date":"2024-01-31T15:02:57","date_gmt":"2024-01-31T15:02:57","guid":{"rendered":"https:\/\/fv-feuerwehrbrinkum.de\/?page_id=693"},"modified":"2024-04-17T10:16:30","modified_gmt":"2024-04-17T10:16:30","slug":"ueber-uns","status":"publish","type":"page","link":"https:\/\/fv-feuerwehrbrinkum.de\/?page_id=693","title":{"rendered":"\u00dcber uns"},"content":{"rendered":"<div data-colibri-id=\"693-c1\" class=\"style-656 style-local-693-c1 position-relative\">\n  <!---->\n  <div data-colibri-component=\"section\" data-colibri-id=\"693-c2\" id=\"custom\" class=\"h-section h-section-global-spacing d-flex align-items-lg-center align-items-md-center align-items-center style-688 style-local-693-c2 position-relative\">\n    <!---->\n    <!---->\n    <div class=\"h-section-grid-container h-section-fluid-container\">\n      <!---->\n      <div data-colibri-id=\"693-c3\" class=\"h-row-container gutters-row-lg-2 gutters-row-md-2 gutters-row-3 gutters-row-v-lg-2 gutters-row-v-md-2 gutters-row-v-3 style-748 style-local-693-c3 position-relative\">\n        <!---->\n        <div class=\"h-row justify-content-lg-center justify-content-md-center justify-content-center align-items-lg-stretch align-items-md-stretch align-items-stretch gutters-col-lg-2 gutters-col-md-2 gutters-col-3 gutters-col-v-lg-2 gutters-col-v-md-2 gutters-col-v-3\">\n          <!---->\n          <div class=\"h-column h-column-container d-flex h-col-lg-6 h-col-md-6 h-col-12 style-750-outer style-local-693-c4-outer\">\n            <div data-colibri-id=\"693-c4\" class=\"d-flex h-flex-basis h-column__inner h-px-lg-0 h-px-md-0 h-px-3 v-inner-lg-0 v-inner-md-0 v-inner-3 style-750 style-local-693-c4 position-relative\">\n              <!---->\n              <!---->\n              <div class=\"w-100 h-y-container h-column__content h-column__v-align flex-basis-100 align-self-lg-start align-self-md-start align-self-start\">\n                <!---->\n                <div data-colibri-id=\"693-c5\" class=\"style-759 style-local-693-c5 position-relative h-element\">\n                  <!---->\n                <\/div>\n                <div data-colibri-id=\"693-c6\" class=\"h-text h-text-component style-751 style-local-693-c6 position-relative h-element\">\n                  <!---->\n                  <!---->\n                  <div class=\"\">\n                    <p><span style=\"color: rgb(121, 121, 121); font-family: verdana, sans-serif;\">Der F\u00f6rderverein wurde am 27. Oktober 2002 gegr\u00fcndet.<\/span><\/p>\n                    <p><span style=\"color: rgb(121, 121, 121); font-family: verdana, sans-serif;\">Im Interesse aller B\u00fcrger in und um Brinkum versuchen wir unsere Feuerwehr in Ihrer Leistungsf\u00e4higkeit zu st\u00e4rken und zu stabilisieren.<\/span><\/p>\n                    <p><span style=\"color: rgb(121, 121, 121); font-family: verdana, sans-serif;\">Denn nur eine gut ausgebildete und mit dem n\u00f6tigen Material versehene Feuerwehr bringt uns allen mehr Sicherheit. Motivation zur Mitarbeit in der Ortsfeuerwehr Brinkum geh\u00f6rt hier nat\u00fcrich auch dazu.<\/span><\/p>\n                    <p>\n                      <br>\n                    <\/p>\n                  <\/div>\n                <\/div>\n              <\/div>\n            <\/div>\n          <\/div>\n        <\/div>\n      <\/div>\n      <div data-colibri-id=\"693-c7\" class=\"h-row-container gutters-row-lg-0 gutters-row-md-0 gutters-row-1 gutters-row-v-lg-0 gutters-row-v-md-0 gutters-row-v-1 style-689 style-local-693-c7 position-relative\">\n        <!---->\n        <div class=\"h-row justify-content-lg-center justify-content-md-center justify-content-center align-items-lg-stretch align-items-md-stretch align-items-stretch gutters-col-lg-0 gutters-col-md-0 gutters-col-1 gutters-col-v-lg-0 gutters-col-v-md-0 gutters-col-v-1\">\n          <!---->\n          <div class=\"h-column h-column-container d-flex h-col-lg-auto h-col-md-auto h-col-auto style-690-outer style-local-693-c8-outer\">\n            <div data-colibri-id=\"693-c8\" class=\"d-flex h-flex-basis h-column__inner h-px-lg-0 h-px-md-0 h-px-1 v-inner-lg-0 v-inner-md-0 v-inner-1 style-690 style-local-693-c8 position-relative\">\n              <!---->\n              <!---->\n              <div class=\"w-100 h-y-container h-column__content h-column__v-align flex-basis-100 align-self-lg-center align-self-md-center align-self-start\">\n                <!---->\n                <div data-colibri-id=\"693-c9\" class=\"h-x-container style-752 style-local-693-c9 position-relative h-element\">\n                  <!---->\n                  <div class=\"h-x-container-inner style-dynamic-693-c9-group style-752-spacing style-local-693-c9-spacing\"><span class=\"h-button__outer style-753-outer style-local-693-c10-outer d-inline-flex h-element\"><a h-use-smooth-scroll=\"true\" href=\"https:\/\/fv-feuerwehrbrinkum.de\/?page_id=1149\"  data-colibri-id=\"693-c10\" class=\"d-flex w-100 align-items-center h-button justify-content-lg-center justify-content-md-center justify-content-center style-753 style-local-693-c10 position-relative\"><!----><!----> <span>Was wir machen<\/span><\/a>\n                    <\/span>\n                  <\/div>\n                <\/div>\n              <\/div>\n            <\/div>\n          <\/div>\n          <div class=\"h-column h-column-container d-flex h-col-lg-auto h-col-md-auto h-col-auto style-701-outer style-local-693-c11-outer\">\n            <div data-colibri-id=\"693-c11\" class=\"d-flex h-flex-basis h-column__inner h-px-lg-0 h-px-md-0 h-px-0 v-inner-lg-0 v-inner-md-0 v-inner-0 style-701 style-local-693-c11 position-relative\">\n              <!---->\n              <!---->\n              <div class=\"w-100 h-y-container h-column__content h-column__v-align flex-basis-100 align-self-lg-start align-self-md-start align-self-start\">\n                <!---->\n                <div data-colibri-id=\"693-c12\" class=\"h-x-container style-733 style-local-693-c12 position-relative h-element\">\n                  <!---->\n                  <div class=\"h-x-container-inner style-dynamic-693-c12-group style-733-spacing style-local-693-c12-spacing\"><span class=\"h-button__outer style-734-outer style-local-693-c13-outer d-inline-flex h-element\"><a h-use-smooth-scroll=\"true\" href=\"https:\/\/fv-feuerwehrbrinkum.de\/?page_id=723\"  data-colibri-id=\"693-c13\" class=\"d-flex w-100 align-items-center h-button justify-content-lg-center justify-content-md-center justify-content-center style-734 style-local-693-c13 position-relative\"><!----><!----> <span>Unser aktueller Vorstand<\/span><\/a>\n                    <\/span>\n                  <\/div>\n                <\/div>\n                <div data-colibri-id=\"693-c14\" class=\"d-block style-739 style-local-693-c14 position-relative h-element\">\n                  <!---->\n                  <div class=\"h-image__frame-container-outer\">\n                    <div class=\"h-image__frame-container\">\n                      <!---->\n                      <!---->\n                      <img loading=\"lazy\" decoding=\"async\" width=\"2048\" height=\"1536\" src=\"https:\/\/fv-feuerwehrbrinkum.de\/wp-content\/uploads\/2024\/04\/WhatsApp-Image-2024-04-03-at-19.35.13-4.jpeg\" class=\"wp-image-1924 style-739-image style-local-693-c14-image\" alt=\"\" srcset=\"https:\/\/fv-feuerwehrbrinkum.de\/wp-content\/uploads\/2024\/04\/WhatsApp-Image-2024-04-03-at-19.35.13-4.jpeg 2048w, https:\/\/fv-feuerwehrbrinkum.de\/wp-content\/uploads\/2024\/04\/WhatsApp-Image-2024-04-03-at-19.35.13-4-300x225.jpeg 300w, https:\/\/fv-feuerwehrbrinkum.de\/wp-content\/uploads\/2024\/04\/WhatsApp-Image-2024-04-03-at-19.35.13-4-1024x768.jpeg 1024w, https:\/\/fv-feuerwehrbrinkum.de\/wp-content\/uploads\/2024\/04\/WhatsApp-Image-2024-04-03-at-19.35.13-4-768x576.jpeg 768w, https:\/\/fv-feuerwehrbrinkum.de\/wp-content\/uploads\/2024\/04\/WhatsApp-Image-2024-04-03-at-19.35.13-4-1536x1152.jpeg 1536w\" sizes=\"auto, (max-width: 2048px) 100vw, 2048px\" \/>\n                      <div class=\"h-image__frame h-hide-lg h-hide-md h-hide-sm style-739-frameImage style-local-693-c14-frameImage\"><\/div>\n                    <\/div>\n                  <\/div>\n                <\/div>\n              <\/div>\n            <\/div>\n          <\/div>\n          <div class=\"h-column h-column-container d-flex h-col-lg-auto h-col-md-auto h-col-auto style-1293-outer style-local-693-c15-outer\">\n            <div data-colibri-id=\"693-c15\" class=\"d-flex h-flex-basis h-column__inner h-px-lg-0 h-px-md-0 h-px-0 v-inner-lg-0 v-inner-md-0 v-inner-0 style-1293 style-local-693-c15 position-relative\">\n              <!---->\n              <!---->\n              <div class=\"w-100 h-y-container h-column__content h-column__v-align flex-basis-100 align-self-lg-center align-self-md-center align-self-center\">\n                <!---->\n                <div data-colibri-id=\"693-c16\" class=\"h-x-container style-731 style-local-693-c16 position-relative h-element\">\n                  <!---->\n                  <div class=\"h-x-container-inner style-dynamic-693-c16-group style-731-spacing style-local-693-c16-spacing\"><span class=\"h-button__outer style-732-outer style-local-693-c17-outer d-inline-flex h-element\"><a h-use-smooth-scroll=\"true\" href=\"https:\/\/fv-feuerwehrbrinkum.de\/?page_id=722\"  data-colibri-id=\"693-c17\" class=\"d-flex w-100 align-items-center h-button justify-content-lg-center justify-content-md-center justify-content-center style-732 style-local-693-c17 position-relative\"><!----><!----> <span>Unsere Gr\u00fcndungsmitglieder<\/span><\/a>\n                    <\/span>\n                  <\/div>\n                <\/div>\n              <\/div>\n            <\/div>\n          <\/div>\n        <\/div>\n      <\/div>\n      <div data-colibri-id=\"693-c18\" class=\"h-row-container gutters-row-lg-0 gutters-row-md-0 gutters-row-0 gutters-row-v-lg-0 gutters-row-v-md-0 gutters-row-v-0 style-740 style-local-693-c18 position-relative\">\n        <!---->\n        <div class=\"h-row justify-content-lg-center justify-content-md-center justify-content-center align-items-lg-stretch align-items-md-stretch align-items-stretch gutters-col-lg-0 gutters-col-md-0 gutters-col-0 gutters-col-v-lg-0 gutters-col-v-md-0 gutters-col-v-0\">\n          <!---->\n          <div class=\"h-column h-column-container d-flex h-col-lg-auto h-col-md-auto h-col-auto style-741-outer style-local-693-c19-outer\">\n            <div data-colibri-id=\"693-c19\" class=\"d-flex h-flex-basis h-column__inner h-px-lg-2 h-px-md-2 h-px-2 v-inner-lg-2 v-inner-md-2 v-inner-2 style-741 style-local-693-c19 position-relative\">\n              <!---->\n              <!---->\n              <div class=\"w-100 h-y-container h-column__content h-column__v-align flex-basis-100 align-self-lg-start align-self-md-start align-self-start\">\n                <!---->\n                <div data-colibri-id=\"693-c20\" class=\"h-x-container style-743 style-local-693-c20 position-relative h-element\">\n                  <!---->\n                  <div class=\"h-x-container-inner style-dynamic-693-c20-group style-743-spacing style-local-693-c20-spacing\"><span class=\"h-button__outer style-744-outer style-local-693-c21-outer d-inline-flex h-element\"><a h-use-smooth-scroll=\"true\" href=\"https:\/\/www.feuerwehr-stuhr.de\/ortsfeuerwehren\/brinkum\/wir-ueber-uns\/\" target=\"_blank\" data-colibri-id=\"693-c21\" class=\"d-flex w-100 align-items-center h-button justify-content-lg-center justify-content-md-center justify-content-center style-744 style-local-693-c21 position-relative\" rel=\"noopener\"><!----><!----> <span>Unsere Feuerwehr<\/span><\/a>\n                    <\/span>\n                  <\/div>\n                <\/div>\n                <div data-colibri-id=\"693-c22\" class=\"d-block style-711 style-local-693-c22 position-relative h-element\">\n                  <!---->\n                  <div class=\"h-image__frame-container-outer\">\n                    <div class=\"h-image__frame-container\">\n                      <!---->\n                      <!---->\n                      <img loading=\"lazy\" decoding=\"async\" width=\"1407\" height=\"466\" src=\"https:\/\/fv-feuerwehrbrinkum.de\/wp-content\/uploads\/2024\/01\/cropped-cropped-cropped-Gruppenbild-Brinkum-2.png\" class=\"wp-image-965 style-711-image style-local-693-c22-image\" alt=\"\" srcset=\"https:\/\/fv-feuerwehrbrinkum.de\/wp-content\/uploads\/2024\/01\/cropped-cropped-cropped-Gruppenbild-Brinkum-2.png 1407w, https:\/\/fv-feuerwehrbrinkum.de\/wp-content\/uploads\/2024\/01\/cropped-cropped-cropped-Gruppenbild-Brinkum-2-300x99.png 300w, https:\/\/fv-feuerwehrbrinkum.de\/wp-content\/uploads\/2024\/01\/cropped-cropped-cropped-Gruppenbild-Brinkum-2-1024x339.png 1024w, https:\/\/fv-feuerwehrbrinkum.de\/wp-content\/uploads\/2024\/01\/cropped-cropped-cropped-Gruppenbild-Brinkum-2-768x254.png 768w\" sizes=\"auto, (max-width: 1407px) 100vw, 1407px\" \/>\n                      <div class=\"h-image__frame h-hide-lg h-hide-md h-hide-sm style-711-frameImage style-local-693-c22-frameImage\"><\/div>\n                    <\/div>\n                  <\/div>\n                <\/div>\n              <\/div>\n            <\/div>\n          <\/div>\n        <\/div>\n      <\/div>\n    <\/div>\n  <\/div>\n<\/div>","protected":false},"excerpt":{"rendered":"<p>Der F\u00f6rderverein wurde am 27. Oktober 2002 gegr\u00fcndet. Im Interesse aller B\u00fcrger in und um Brinkum versuchen wir unsere Feuerwehr in Ihrer Leistungsf\u00e4higkeit zu st\u00e4rken und zu stabilisieren. Denn nur eine gut ausgebildete und mit dem n\u00f6tigen Material versehene Feuerwehr bringt uns allen mehr Sicherheit. Motivation zur Mitarbeit in der Ortsfeuerwehr Brinkum geh\u00f6rt hier nat\u00fcrich [&hellip;]<\/p>\n","protected":false},"author":1,"featured_media":0,"parent":0,"menu_order":0,"comment_status":"closed","ping_status":"closed","template":"page-templates\/full-width-page.php","meta":{"footnotes":""},"class_list":["post-693","page","type-page","status-publish","hentry"],"yoast_head":"<!-- This site is optimized with the Yoast SEO plugin v27.4 - https:\/\/yoast.com\/product\/yoast-seo-wordpress\/ -->\n<title>\u00dcber uns - F\u00f6rderverein Feuerwehr Brinkum<\/title>\n<meta name=\"robots\" content=\"index, follow, max-snippet:-1, max-image-preview:large, max-video-preview:-1\" \/>\n<link rel=\"canonical\" href=\"https:\/\/fv-feuerwehrbrinkum.de\/?page_id=693\" \/>\n<meta property=\"og:locale\" content=\"de_DE\" \/>\n<meta property=\"og:type\" content=\"article\" \/>\n<meta property=\"og:title\" content=\"\u00dcber uns - F\u00f6rderverein Feuerwehr Brinkum\" \/>\n<meta property=\"og:description\" content=\"Der F\u00f6rderverein wurde am 27. Oktober 2002 gegr\u00fcndet. Im Interesse aller B\u00fcrger in und um Brinkum versuchen wir unsere Feuerwehr in Ihrer Leistungsf\u00e4higkeit zu st\u00e4rken und zu stabilisieren. Denn nur eine gut ausgebildete und mit dem n\u00f6tigen Material versehene Feuerwehr bringt uns allen mehr Sicherheit. Motivation zur Mitarbeit in der Ortsfeuerwehr Brinkum geh\u00f6rt hier nat\u00fcrich [&hellip;]\" \/>\n<meta property=\"og:url\" content=\"https:\/\/fv-feuerwehrbrinkum.de\/?page_id=693\" \/>\n<meta property=\"og:site_name\" content=\"F\u00f6rderverein Feuerwehr Brinkum\" \/>\n<meta property=\"article:modified_time\" content=\"2024-04-17T10:16:30+00:00\" \/>\n<meta property=\"og:image\" content=\"https:\/\/fv-feuerwehrbrinkum.de\/wp-content\/uploads\/2024\/04\/WhatsApp-Image-2024-04-03-at-19.35.13-4.jpeg\" \/>\n<meta name=\"twitter:card\" content=\"summary_large_image\" \/>\n<script type=\"application\/ld+json\" class=\"yoast-schema-graph\">{\"@context\":\"https:\\\/\\\/schema.org\",\"@graph\":[{\"@type\":\"WebPage\",\"@id\":\"https:\\\/\\\/fv-feuerwehrbrinkum.de\\\/?page_id=693\",\"url\":\"https:\\\/\\\/fv-feuerwehrbrinkum.de\\\/?page_id=693\",\"name\":\"\u00dcber uns - F\u00f6rderverein Feuerwehr Brinkum\",\"isPartOf\":{\"@id\":\"https:\\\/\\\/fv-feuerwehrbrinkum.de\\\/#website\"},\"primaryImageOfPage\":{\"@id\":\"https:\\\/\\\/fv-feuerwehrbrinkum.de\\\/?page_id=693#primaryimage\"},\"image\":{\"@id\":\"https:\\\/\\\/fv-feuerwehrbrinkum.de\\\/?page_id=693#primaryimage\"},\"thumbnailUrl\":\"https:\\\/\\\/fv-feuerwehrbrinkum.de\\\/wp-content\\\/uploads\\\/2024\\\/04\\\/WhatsApp-Image-2024-04-03-at-19.35.13-4.jpeg\",\"datePublished\":\"2024-01-31T15:02:57+00:00\",\"dateModified\":\"2024-04-17T10:16:30+00:00\",\"breadcrumb\":{\"@id\":\"https:\\\/\\\/fv-feuerwehrbrinkum.de\\\/?page_id=693#breadcrumb\"},\"inLanguage\":\"de\",\"potentialAction\":[{\"@type\":\"ReadAction\",\"target\":[\"https:\\\/\\\/fv-feuerwehrbrinkum.de\\\/?page_id=693\"]}]},{\"@type\":\"ImageObject\",\"inLanguage\":\"de\",\"@id\":\"https:\\\/\\\/fv-feuerwehrbrinkum.de\\\/?page_id=693#primaryimage\",\"url\":\"https:\\\/\\\/fv-feuerwehrbrinkum.de\\\/wp-content\\\/uploads\\\/2024\\\/04\\\/WhatsApp-Image-2024-04-03-at-19.35.13-4.jpeg\",\"contentUrl\":\"https:\\\/\\\/fv-feuerwehrbrinkum.de\\\/wp-content\\\/uploads\\\/2024\\\/04\\\/WhatsApp-Image-2024-04-03-at-19.35.13-4.jpeg\",\"width\":2048,\"height\":1536},{\"@type\":\"BreadcrumbList\",\"@id\":\"https:\\\/\\\/fv-feuerwehrbrinkum.de\\\/?page_id=693#breadcrumb\",\"itemListElement\":[{\"@type\":\"ListItem\",\"position\":1,\"name\":\"Startseite\",\"item\":\"https:\\\/\\\/fv-feuerwehrbrinkum.de\\\/\"},{\"@type\":\"ListItem\",\"position\":2,\"name\":\"\u00dcber uns\"}]},{\"@type\":\"WebSite\",\"@id\":\"https:\\\/\\\/fv-feuerwehrbrinkum.de\\\/#website\",\"url\":\"https:\\\/\\\/fv-feuerwehrbrinkum.de\\\/\",\"name\":\"F\u00f6rderverein Feuerwehr Brinkum\",\"description\":\"\",\"potentialAction\":[{\"@type\":\"SearchAction\",\"target\":{\"@type\":\"EntryPoint\",\"urlTemplate\":\"https:\\\/\\\/fv-feuerwehrbrinkum.de\\\/?s={search_term_string}\"},\"query-input\":{\"@type\":\"PropertyValueSpecification\",\"valueRequired\":true,\"valueName\":\"search_term_string\"}}],\"inLanguage\":\"de\"}]}<\/script>\n<!-- \/ Yoast SEO plugin. -->","yoast_head_json":{"title":"\u00dcber uns - F\u00f6rderverein Feuerwehr Brinkum","robots":{"index":"index","follow":"follow","max-snippet":"max-snippet:-1","max-image-preview":"max-image-preview:large","max-video-preview":"max-video-preview:-1"},"canonical":"https:\/\/fv-feuerwehrbrinkum.de\/?page_id=693","og_locale":"de_DE","og_type":"article","og_title":"\u00dcber uns - F\u00f6rderverein Feuerwehr Brinkum","og_description":"Der F\u00f6rderverein wurde am 27. Oktober 2002 gegr\u00fcndet. Im Interesse aller B\u00fcrger in und um Brinkum versuchen wir unsere Feuerwehr in Ihrer Leistungsf\u00e4higkeit zu st\u00e4rken und zu stabilisieren. Denn nur eine gut ausgebildete und mit dem n\u00f6tigen Material versehene Feuerwehr bringt uns allen mehr Sicherheit. Motivation zur Mitarbeit in der Ortsfeuerwehr Brinkum geh\u00f6rt hier nat\u00fcrich [&hellip;]","og_url":"https:\/\/fv-feuerwehrbrinkum.de\/?page_id=693","og_site_name":"F\u00f6rderverein Feuerwehr Brinkum","article_modified_time":"2024-04-17T10:16:30+00:00","og_image":[{"url":"https:\/\/fv-feuerwehrbrinkum.de\/wp-content\/uploads\/2024\/04\/WhatsApp-Image-2024-04-03-at-19.35.13-4.jpeg","type":"","width":"","height":""}],"twitter_card":"summary_large_image","schema":{"@context":"https:\/\/schema.org","@graph":[{"@type":"WebPage","@id":"https:\/\/fv-feuerwehrbrinkum.de\/?page_id=693","url":"https:\/\/fv-feuerwehrbrinkum.de\/?page_id=693","name":"\u00dcber uns - F\u00f6rderverein Feuerwehr Brinkum","isPartOf":{"@id":"https:\/\/fv-feuerwehrbrinkum.de\/#website"},"primaryImageOfPage":{"@id":"https:\/\/fv-feuerwehrbrinkum.de\/?page_id=693#primaryimage"},"image":{"@id":"https:\/\/fv-feuerwehrbrinkum.de\/?page_id=693#primaryimage"},"thumbnailUrl":"https:\/\/fv-feuerwehrbrinkum.de\/wp-content\/uploads\/2024\/04\/WhatsApp-Image-2024-04-03-at-19.35.13-4.jpeg","datePublished":"2024-01-31T15:02:57+00:00","dateModified":"2024-04-17T10:16:30+00:00","breadcrumb":{"@id":"https:\/\/fv-feuerwehrbrinkum.de\/?page_id=693#breadcrumb"},"inLanguage":"de","potentialAction":[{"@type":"ReadAction","target":["https:\/\/fv-feuerwehrbrinkum.de\/?page_id=693"]}]},{"@type":"ImageObject","inLanguage":"de","@id":"https:\/\/fv-feuerwehrbrinkum.de\/?page_id=693#primaryimage","url":"https:\/\/fv-feuerwehrbrinkum.de\/wp-content\/uploads\/2024\/04\/WhatsApp-Image-2024-04-03-at-19.35.13-4.jpeg","contentUrl":"https:\/\/fv-feuerwehrbrinkum.de\/wp-content\/uploads\/2024\/04\/WhatsApp-Image-2024-04-03-at-19.35.13-4.jpeg","width":2048,"height":1536},{"@type":"BreadcrumbList","@id":"https:\/\/fv-feuerwehrbrinkum.de\/?page_id=693#breadcrumb","itemListElement":[{"@type":"ListItem","position":1,"name":"Startseite","item":"https:\/\/fv-feuerwehrbrinkum.de\/"},{"@type":"ListItem","position":2,"name":"\u00dcber uns"}]},{"@type":"WebSite","@id":"https:\/\/fv-feuerwehrbrinkum.de\/#website","url":"https:\/\/fv-feuerwehrbrinkum.de\/","name":"F\u00f6rderverein Feuerwehr Brinkum","description":"","potentialAction":[{"@type":"SearchAction","target":{"@type":"EntryPoint","urlTemplate":"https:\/\/fv-feuerwehrbrinkum.de\/?s={search_term_string}"},"query-input":{"@type":"PropertyValueSpecification","valueRequired":true,"valueName":"search_term_string"}}],"inLanguage":"de"}]}},"_links":{"self":[{"href":"https:\/\/fv-feuerwehrbrinkum.de\/index.php?rest_route=\/wp\/v2\/pages\/693","targetHints":{"allow":["GET"]}}],"collection":[{"href":"https:\/\/fv-feuerwehrbrinkum.de\/index.php?rest_route=\/wp\/v2\/pages"}],"about":[{"href":"https:\/\/fv-feuerwehrbrinkum.de\/index.php?rest_route=\/wp\/v2\/types\/page"}],"author":[{"embeddable":true,"href":"https:\/\/fv-feuerwehrbrinkum.de\/index.php?rest_route=\/wp\/v2\/users\/1"}],"replies":[{"embeddable":true,"href":"https:\/\/fv-feuerwehrbrinkum.de\/index.php?rest_route=%2Fwp%2Fv2%2Fcomments&post=693"}],"version-history":[{"count":20,"href":"https:\/\/fv-feuerwehrbrinkum.de\/index.php?rest_route=\/wp\/v2\/pages\/693\/revisions"}],"predecessor-version":[{"id":2406,"href":"https:\/\/fv-feuerwehrbrinkum.de\/index.php?rest_route=\/wp\/v2\/pages\/693\/revisions\/2406"}],"wp:attachment":[{"href":"https:\/\/fv-feuerwehrbrinkum.de\/index.php?rest_route=%2Fwp%2Fv2%2Fmedia&parent=693"}],"curies":[{"name":"wp","href":"https:\/\/api.w.org\/{rel}","templated":true}]}}