{"id":736,"date":"2024-01-31T15:19:42","date_gmt":"2024-01-31T15:19:42","guid":{"rendered":"https:\/\/fv-feuerwehrbrinkum.de\/?page_id=736"},"modified":"2025-02-26T09:38:39","modified_gmt":"2025-02-26T09:38:39","slug":"storchennest","status":"publish","type":"page","link":"https:\/\/fv-feuerwehrbrinkum.de\/?page_id=736","title":{"rendered":"Storchennest"},"content":{"rendered":"<div data-colibri-id=\"736-c1\" class=\"style-447 style-local-736-c1 position-relative\">\n  <!---->\n  <div data-colibri-component=\"section\" data-colibri-id=\"736-c2\" id=\"custom\" class=\"h-section h-section-global-spacing d-flex align-items-lg-center align-items-md-center align-items-end style-448 style-local-736-c2 position-relative\">\n    <!---->\n    <!---->\n    <div class=\"h-section-grid-container h-section-boxed-container\">\n      <!---->\n      <div data-colibri-id=\"736-c3\" class=\"h-row-container gutters-row-lg-2 gutters-row-md-2 gutters-row-3 gutters-row-v-lg-2 gutters-row-v-md-2 gutters-row-v-3 style-449 style-local-736-c3 position-relative\">\n        <!---->\n        <div class=\"h-row justify-content-lg-center justify-content-md-center justify-content-center align-items-lg-stretch align-items-md-stretch align-items-stretch gutters-col-lg-2 gutters-col-md-2 gutters-col-3 gutters-col-v-lg-2 gutters-col-v-md-2 gutters-col-v-3\">\n          <!---->\n          <div class=\"h-column h-column-container d-flex h-col-lg-6 h-col-md-6 h-col-12 style-450-outer style-local-736-c4-outer\">\n            <div data-colibri-id=\"736-c4\" class=\"d-flex h-flex-basis h-column__inner h-px-lg-2 h-px-md-2 h-px-3 v-inner-lg-2 v-inner-md-2 v-inner-3 style-450 style-local-736-c4 position-relative\">\n              <!---->\n              <!---->\n              <div class=\"w-100 h-y-container h-column__content h-column__v-align flex-basis-100 align-self-lg-start align-self-md-start align-self-start\">\n                <!---->\n                <div data-colibri-id=\"736-c5\" class=\"page-title style-451 style-local-736-c5 position-relative h-element\">\n                  <!---->\n                  <div class=\"h-page-title__outer style-451-outer style-local-736-c5-outer\">\n                    <div class=\"h-global-transition-all\"><span><h1 style='margin-bottom:0'>Storchennest<\/h1><\/span><\/div>\n                  <\/div>\n                <\/div>\n              <\/div>\n            <\/div>\n          <\/div>\n        <\/div>\n      <\/div>\n    <\/div>\n  <\/div>\n  <div data-colibri-component=\"section\" data-colibri-id=\"736-c10\" id=\"cta\" class=\"h-section h-section-global-spacing d-flex align-items-lg-center align-items-md-center align-items-center style-452 style-local-736-c10 position-relative\">\n    <!---->\n    <!---->\n    <div class=\"h-section-grid-container h-section-boxed-container\">\n      <!---->\n      <div data-colibri-id=\"736-c11\" class=\"h-row-container gutters-row-lg-2 gutters-row-md-2 gutters-row-0 gutters-row-v-lg-2 gutters-row-v-md-2 gutters-row-v-2 style-463 style-local-736-c11 position-relative\">\n        <!---->\n        <div class=\"h-row justify-content-lg-center justify-content-md-center justify-content-center align-items-lg-stretch align-items-md-stretch align-items-stretch gutters-col-lg-2 gutters-col-md-2 gutters-col-0 gutters-col-v-lg-2 gutters-col-v-md-2 gutters-col-v-2\">\n          <!---->\n          <div class=\"h-column h-column-container d-flex h-col-lg-auto h-col-md-auto h-col-auto style-464-outer style-local-736-c12-outer\">\n            <div data-colibri-id=\"736-c12\" class=\"d-flex h-flex-basis h-column__inner h-px-lg-2 h-px-md-2 h-px-2 v-inner-lg-2 v-inner-md-2 v-inner-2 style-464 style-local-736-c12 position-relative\">\n              <!---->\n              <!---->\n              <div class=\"w-100 h-y-container h-column__content h-column__v-align flex-basis-100 align-self-lg-start align-self-md-start align-self-start\">\n                <!---->\n                <div data-colibri-id=\"736-c13\" class=\"h-text h-text-component style-465 style-local-736-c13 position-relative h-element\">\n                  <!---->\n                  <!---->\n                  <div class=\"\">\n                    <p>Der F\u00f6rderverein hat die neue Live Kamera f\u00fcr das Storchennest am Feuerwehrhaus gesponsert.<\/p>\n                    <p>Vielen Dank an die Kameraden die das neue Storchennest erneuert und die Kamera installiert haben.<\/p>\n                    <p>\n                      <br>\n                    <\/p>\n                  <\/div>\n                <\/div>\n                <div data-colibri-id=\"736-c14\" class=\"h-x-container style-457 style-local-736-c14 position-relative h-element\">\n                  <!---->\n                  <div class=\"h-x-container-inner style-dynamic-736-c14-group style-457-spacing style-local-736-c14-spacing\"><span class=\"h-button__outer style-458-outer style-local-736-c15-outer d-inline-flex h-element\"><a h-use-smooth-scroll=\"true\" href=\"http:\/\/youtube.com\/@feuerwehrbrinkum\/live\" target=\"_blank\"  data-colibri-id=\"736-c15\" class=\"d-flex w-100 align-items-center h-button justify-content-lg-center justify-content-md-center justify-content-center style-458 style-local-736-c15 position-relative\"><!----><!----> <span>Hier gehts zum YouTube Livestream<\/span><\/a>\n                    <\/span>\n                  <\/div>\n                <\/div>\n              <\/div>\n            <\/div>\n          <\/div>\n          <div class=\"h-column h-column-container d-flex h-col-lg-auto h-col-md-auto h-col-auto style-1287-outer style-local-736-c16-outer\">\n            <div data-colibri-id=\"736-c16\" class=\"d-flex h-flex-basis h-column__inner h-px-lg-2 h-px-md-2 h-px-2 v-inner-lg-2 v-inner-md-2 v-inner-2 style-1287 style-local-736-c16 position-relative\">\n              <!---->\n              <!---->\n              <div class=\"w-100 h-y-container h-column__content h-column__v-align flex-basis-100 align-self-lg-start align-self-md-start align-self-start\">\n                <!---->\n                <div data-colibri-id=\"736-c17\" class=\"d-block style-1288 style-local-736-c17 position-relative h-element\">\n                  <!---->\n                  <div class=\"h-image__frame-container-outer\">\n                    <a href=\"http:\/\/youtube.com\/@feuerwehrbrinkum\/live\" h-use-smooth-scroll=\"true\" class=\"image-link\">\n                      <div class=\"h-image__frame-container\">\n                        <!---->\n                        <!---->\n                        <img loading=\"lazy\" decoding=\"async\" width=\"2558\" height=\"1438\" src=\"https:\/\/fv-feuerwehrbrinkum.de\/wp-content\/uploads\/2024\/04\/cropped-DJI_0244edit1-scaled-1.jpg\" class=\"wp-image-2024 style-1288-image style-local-736-c17-image\" alt=\"\" srcset=\"https:\/\/fv-feuerwehrbrinkum.de\/wp-content\/uploads\/2024\/04\/cropped-DJI_0244edit1-scaled-1.jpg 2558w, https:\/\/fv-feuerwehrbrinkum.de\/wp-content\/uploads\/2024\/04\/cropped-DJI_0244edit1-scaled-1-300x169.jpg 300w, https:\/\/fv-feuerwehrbrinkum.de\/wp-content\/uploads\/2024\/04\/cropped-DJI_0244edit1-scaled-1-1024x576.jpg 1024w, https:\/\/fv-feuerwehrbrinkum.de\/wp-content\/uploads\/2024\/04\/cropped-DJI_0244edit1-scaled-1-768x432.jpg 768w, https:\/\/fv-feuerwehrbrinkum.de\/wp-content\/uploads\/2024\/04\/cropped-DJI_0244edit1-scaled-1-1536x863.jpg 1536w, https:\/\/fv-feuerwehrbrinkum.de\/wp-content\/uploads\/2024\/04\/cropped-DJI_0244edit1-scaled-1-2048x1151.jpg 2048w\" sizes=\"auto, (max-width: 2558px) 100vw, 2558px\" \/>\n                        <div class=\"h-image__frame h-hide-lg h-hide-md h-hide-sm style-1288-frameImage style-local-736-c17-frameImage\"><\/div>\n                      <\/div>\n                    <\/a>\n                  <\/div>\n                <\/div>\n              <\/div>\n            <\/div>\n          <\/div>\n        <\/div>\n      <\/div>\n    <\/div>\n  <\/div>\n<\/div>","protected":false},"excerpt":{"rendered":"<p>Der F\u00f6rderverein hat die neue Live Kamera f\u00fcr das Storchennest am Feuerwehrhaus gesponsert. Vielen Dank an die Kameraden die das neue Storchennest erneuert und die Kamera installiert haben. Hier gehts zum YouTube Livestream<\/p>\n","protected":false},"author":1,"featured_media":0,"parent":0,"menu_order":0,"comment_status":"closed","ping_status":"closed","template":"page-templates\/full-width-page.php","meta":{"footnotes":""},"class_list":["post-736","page","type-page","status-publish","hentry"],"yoast_head":"<!-- This site is optimized with the Yoast SEO plugin v27.4 - https:\/\/yoast.com\/product\/yoast-seo-wordpress\/ -->\n<title>Storchennest - F\u00f6rderverein Feuerwehr Brinkum<\/title>\n<meta name=\"robots\" content=\"index, follow, max-snippet:-1, max-image-preview:large, max-video-preview:-1\" \/>\n<link rel=\"canonical\" href=\"https:\/\/fv-feuerwehrbrinkum.de\/?page_id=736\" \/>\n<meta property=\"og:locale\" content=\"de_DE\" \/>\n<meta property=\"og:type\" content=\"article\" \/>\n<meta property=\"og:title\" content=\"Storchennest - F\u00f6rderverein Feuerwehr Brinkum\" \/>\n<meta property=\"og:description\" content=\"Der F\u00f6rderverein hat die neue Live Kamera f\u00fcr das Storchennest am Feuerwehrhaus gesponsert. Vielen Dank an die Kameraden die das neue Storchennest erneuert und die Kamera installiert haben. Hier gehts zum YouTube Livestream\" \/>\n<meta property=\"og:url\" content=\"https:\/\/fv-feuerwehrbrinkum.de\/?page_id=736\" \/>\n<meta property=\"og:site_name\" content=\"F\u00f6rderverein Feuerwehr Brinkum\" \/>\n<meta property=\"article:modified_time\" content=\"2025-02-26T09:38:39+00:00\" \/>\n<meta property=\"og:image\" content=\"https:\/\/fv-feuerwehrbrinkum.de\/wp-content\/uploads\/2024\/04\/cropped-DJI_0244edit1-scaled-1.jpg\" \/>\n<meta name=\"twitter:card\" content=\"summary_large_image\" \/>\n<meta name=\"twitter:label1\" content=\"Gesch\u00e4tzte Lesezeit\" \/>\n\t<meta name=\"twitter:data1\" content=\"1\u00a0Minute\" \/>\n<script type=\"application\/ld+json\" class=\"yoast-schema-graph\">{\"@context\":\"https:\\\/\\\/schema.org\",\"@graph\":[{\"@type\":\"WebPage\",\"@id\":\"https:\\\/\\\/fv-feuerwehrbrinkum.de\\\/?page_id=736\",\"url\":\"https:\\\/\\\/fv-feuerwehrbrinkum.de\\\/?page_id=736\",\"name\":\"Storchennest - F\u00f6rderverein Feuerwehr Brinkum\",\"isPartOf\":{\"@id\":\"https:\\\/\\\/fv-feuerwehrbrinkum.de\\\/#website\"},\"primaryImageOfPage\":{\"@id\":\"https:\\\/\\\/fv-feuerwehrbrinkum.de\\\/?page_id=736#primaryimage\"},\"image\":{\"@id\":\"https:\\\/\\\/fv-feuerwehrbrinkum.de\\\/?page_id=736#primaryimage\"},\"thumbnailUrl\":\"https:\\\/\\\/fv-feuerwehrbrinkum.de\\\/wp-content\\\/uploads\\\/2024\\\/04\\\/cropped-DJI_0244edit1-scaled-1.jpg\",\"datePublished\":\"2024-01-31T15:19:42+00:00\",\"dateModified\":\"2025-02-26T09:38:39+00:00\",\"breadcrumb\":{\"@id\":\"https:\\\/\\\/fv-feuerwehrbrinkum.de\\\/?page_id=736#breadcrumb\"},\"inLanguage\":\"de\",\"potentialAction\":[{\"@type\":\"ReadAction\",\"target\":[\"https:\\\/\\\/fv-feuerwehrbrinkum.de\\\/?page_id=736\"]}]},{\"@type\":\"ImageObject\",\"inLanguage\":\"de\",\"@id\":\"https:\\\/\\\/fv-feuerwehrbrinkum.de\\\/?page_id=736#primaryimage\",\"url\":\"https:\\\/\\\/fv-feuerwehrbrinkum.de\\\/wp-content\\\/uploads\\\/2024\\\/04\\\/cropped-DJI_0244edit1-scaled-1.jpg\",\"contentUrl\":\"https:\\\/\\\/fv-feuerwehrbrinkum.de\\\/wp-content\\\/uploads\\\/2024\\\/04\\\/cropped-DJI_0244edit1-scaled-1.jpg\",\"width\":2558,\"height\":1438},{\"@type\":\"BreadcrumbList\",\"@id\":\"https:\\\/\\\/fv-feuerwehrbrinkum.de\\\/?page_id=736#breadcrumb\",\"itemListElement\":[{\"@type\":\"ListItem\",\"position\":1,\"name\":\"Startseite\",\"item\":\"https:\\\/\\\/fv-feuerwehrbrinkum.de\\\/\"},{\"@type\":\"ListItem\",\"position\":2,\"name\":\"Storchennest\"}]},{\"@type\":\"WebSite\",\"@id\":\"https:\\\/\\\/fv-feuerwehrbrinkum.de\\\/#website\",\"url\":\"https:\\\/\\\/fv-feuerwehrbrinkum.de\\\/\",\"name\":\"F\u00f6rderverein Feuerwehr Brinkum\",\"description\":\"\",\"potentialAction\":[{\"@type\":\"SearchAction\",\"target\":{\"@type\":\"EntryPoint\",\"urlTemplate\":\"https:\\\/\\\/fv-feuerwehrbrinkum.de\\\/?s={search_term_string}\"},\"query-input\":{\"@type\":\"PropertyValueSpecification\",\"valueRequired\":true,\"valueName\":\"search_term_string\"}}],\"inLanguage\":\"de\"}]}<\/script>\n<!-- \/ Yoast SEO plugin. -->","yoast_head_json":{"title":"Storchennest - F\u00f6rderverein Feuerwehr Brinkum","robots":{"index":"index","follow":"follow","max-snippet":"max-snippet:-1","max-image-preview":"max-image-preview:large","max-video-preview":"max-video-preview:-1"},"canonical":"https:\/\/fv-feuerwehrbrinkum.de\/?page_id=736","og_locale":"de_DE","og_type":"article","og_title":"Storchennest - F\u00f6rderverein Feuerwehr Brinkum","og_description":"Der F\u00f6rderverein hat die neue Live Kamera f\u00fcr das Storchennest am Feuerwehrhaus gesponsert. Vielen Dank an die Kameraden die das neue Storchennest erneuert und die Kamera installiert haben. Hier gehts zum YouTube Livestream","og_url":"https:\/\/fv-feuerwehrbrinkum.de\/?page_id=736","og_site_name":"F\u00f6rderverein Feuerwehr Brinkum","article_modified_time":"2025-02-26T09:38:39+00:00","og_image":[{"url":"https:\/\/fv-feuerwehrbrinkum.de\/wp-content\/uploads\/2024\/04\/cropped-DJI_0244edit1-scaled-1.jpg","type":"","width":"","height":""}],"twitter_card":"summary_large_image","twitter_misc":{"Gesch\u00e4tzte Lesezeit":"1\u00a0Minute"},"schema":{"@context":"https:\/\/schema.org","@graph":[{"@type":"WebPage","@id":"https:\/\/fv-feuerwehrbrinkum.de\/?page_id=736","url":"https:\/\/fv-feuerwehrbrinkum.de\/?page_id=736","name":"Storchennest - F\u00f6rderverein Feuerwehr Brinkum","isPartOf":{"@id":"https:\/\/fv-feuerwehrbrinkum.de\/#website"},"primaryImageOfPage":{"@id":"https:\/\/fv-feuerwehrbrinkum.de\/?page_id=736#primaryimage"},"image":{"@id":"https:\/\/fv-feuerwehrbrinkum.de\/?page_id=736#primaryimage"},"thumbnailUrl":"https:\/\/fv-feuerwehrbrinkum.de\/wp-content\/uploads\/2024\/04\/cropped-DJI_0244edit1-scaled-1.jpg","datePublished":"2024-01-31T15:19:42+00:00","dateModified":"2025-02-26T09:38:39+00:00","breadcrumb":{"@id":"https:\/\/fv-feuerwehrbrinkum.de\/?page_id=736#breadcrumb"},"inLanguage":"de","potentialAction":[{"@type":"ReadAction","target":["https:\/\/fv-feuerwehrbrinkum.de\/?page_id=736"]}]},{"@type":"ImageObject","inLanguage":"de","@id":"https:\/\/fv-feuerwehrbrinkum.de\/?page_id=736#primaryimage","url":"https:\/\/fv-feuerwehrbrinkum.de\/wp-content\/uploads\/2024\/04\/cropped-DJI_0244edit1-scaled-1.jpg","contentUrl":"https:\/\/fv-feuerwehrbrinkum.de\/wp-content\/uploads\/2024\/04\/cropped-DJI_0244edit1-scaled-1.jpg","width":2558,"height":1438},{"@type":"BreadcrumbList","@id":"https:\/\/fv-feuerwehrbrinkum.de\/?page_id=736#breadcrumb","itemListElement":[{"@type":"ListItem","position":1,"name":"Startseite","item":"https:\/\/fv-feuerwehrbrinkum.de\/"},{"@type":"ListItem","position":2,"name":"Storchennest"}]},{"@type":"WebSite","@id":"https:\/\/fv-feuerwehrbrinkum.de\/#website","url":"https:\/\/fv-feuerwehrbrinkum.de\/","name":"F\u00f6rderverein Feuerwehr Brinkum","description":"","potentialAction":[{"@type":"SearchAction","target":{"@type":"EntryPoint","urlTemplate":"https:\/\/fv-feuerwehrbrinkum.de\/?s={search_term_string}"},"query-input":{"@type":"PropertyValueSpecification","valueRequired":true,"valueName":"search_term_string"}}],"inLanguage":"de"}]}},"_links":{"self":[{"href":"https:\/\/fv-feuerwehrbrinkum.de\/index.php?rest_route=\/wp\/v2\/pages\/736","targetHints":{"allow":["GET"]}}],"collection":[{"href":"https:\/\/fv-feuerwehrbrinkum.de\/index.php?rest_route=\/wp\/v2\/pages"}],"about":[{"href":"https:\/\/fv-feuerwehrbrinkum.de\/index.php?rest_route=\/wp\/v2\/types\/page"}],"author":[{"embeddable":true,"href":"https:\/\/fv-feuerwehrbrinkum.de\/index.php?rest_route=\/wp\/v2\/users\/1"}],"replies":[{"embeddable":true,"href":"https:\/\/fv-feuerwehrbrinkum.de\/index.php?rest_route=%2Fwp%2Fv2%2Fcomments&post=736"}],"version-history":[{"count":20,"href":"https:\/\/fv-feuerwehrbrinkum.de\/index.php?rest_route=\/wp\/v2\/pages\/736\/revisions"}],"predecessor-version":[{"id":2714,"href":"https:\/\/fv-feuerwehrbrinkum.de\/index.php?rest_route=\/wp\/v2\/pages\/736\/revisions\/2714"}],"wp:attachment":[{"href":"https:\/\/fv-feuerwehrbrinkum.de\/index.php?rest_route=%2Fwp%2Fv2%2Fmedia&parent=736"}],"curies":[{"name":"wp","href":"https:\/\/api.w.org\/{rel}","templated":true}]}}